{"id":774,"date":"2026-02-26T10:37:21","date_gmt":"2026-02-26T13:37:21","guid":{"rendered":"https:\/\/yfu.org.py\/site\/?page_id=774"},"modified":"2026-03-03T15:50:15","modified_gmt":"2026-03-03T18:50:15","slug":"programas-de-colegio","status":"publish","type":"page","link":"https:\/\/yfu.org.py\/site\/programas-de-colegio\/","title":{"rendered":"Programas de colegio"},"content":{"rendered":"\t\t<div data-elementor-type=\"wp-post\" data-elementor-id=\"774\" class=\"elementor elementor-774\" data-elementor-post-type=\"page\">\n\t\t\t\t\t\t<section class=\"elementor-section elementor-top-section elementor-element elementor-element-15aada5 elementor-section-full_width elementor-section-height-min-height elementor-section-stretched elementor-section-height-default elementor-section-items-middle elementor-invisible\" data-id=\"15aada5\" data-element_type=\"section\" data-settings=\"{&quot;stretch_section&quot;:&quot;section-stretched&quot;,&quot;background_background&quot;:&quot;slideshow&quot;,&quot;background_slideshow_gallery&quot;:[{&quot;id&quot;:290,&quot;url&quot;:&quot;https:\\\/\\\/yfu.org.py\\\/site\\\/wp-content\\\/uploads\\\/2018\\\/05\\\/IMG_0459.jpg&quot;},{&quot;id&quot;:289,&quot;url&quot;:&quot;https:\\\/\\\/yfu.org.py\\\/site\\\/wp-content\\\/uploads\\\/2018\\\/05\\\/3104_Hungary_2018_Stud_PostArrivalOrientationSession.jpg&quot;},{&quot;id&quot;:837,&quot;url&quot;:&quot;https:\\\/\\\/yfu.org.py\\\/site\\\/wp-content\\\/uploads\\\/2026\\\/02\\\/IMG_8142-2-scaled.jpg&quot;},{&quot;id&quot;:288,&quot;url&quot;:&quot;https:\\\/\\\/yfu.org.py\\\/site\\\/wp-content\\\/uploads\\\/2018\\\/05\\\/3069_France_2018_Stud_HF_GroupPortrait.jpg&quot;},{&quot;id&quot;:287,&quot;url&quot;:&quot;https:\\\/\\\/yfu.org.py\\\/site\\\/wp-content\\\/uploads\\\/2018\\\/05\\\/3068_France_2018_Stud_GirlsFun.jpg&quot;},{&quot;id&quot;:285,&quot;url&quot;:&quot;https:\\\/\\\/yfu.org.py\\\/site\\\/wp-content\\\/uploads\\\/2018\\\/05\\\/2778_Denmark_2017_Stud_CountryFlagsFun-e1678199143253.jpg&quot;},{&quot;id&quot;:286,&quot;url&quot;:&quot;https:\\\/\\\/yfu.org.py\\\/site\\\/wp-content\\\/uploads\\\/2018\\\/05\\\/3039_BelgiumFlanders_2013_Stud_FollowUp.jpg&quot;},{&quot;id&quot;:839,&quot;url&quot;:&quot;https:\\\/\\\/yfu.org.py\\\/site\\\/wp-content\\\/uploads\\\/2026\\\/02\\\/IMG_6785-2-scaled.jpg&quot;}],&quot;background_slideshow_slide_duration&quot;:6000,&quot;background_slideshow_ken_burns&quot;:&quot;yes&quot;,&quot;animation&quot;:&quot;fadeIn&quot;,&quot;background_slideshow_loop&quot;:&quot;yes&quot;,&quot;background_slideshow_slide_transition&quot;:&quot;fade&quot;,&quot;background_slideshow_transition_duration&quot;:500,&quot;background_slideshow_ken_burns_zoom_direction&quot;:&quot;in&quot;}\">\n\t\t\t\t\t\t\t<div class=\"elementor-background-overlay\"><\/div>\n\t\t\t\t\t\t\t<div class=\"elementor-container elementor-column-gap-default\">\n\t\t\t\t\t<div class=\"elementor-column elementor-col-100 elementor-top-column elementor-element elementor-element-1fbc941\" data-id=\"1fbc941\" data-element_type=\"column\">\n\t\t\t<div class=\"elementor-widget-wrap elementor-element-populated\">\n\t\t\t\t\t\t<div class=\"elementor-element elementor-element-d776abb elementor-invisible elementor-widget elementor-widget-text-editor\" data-id=\"d776abb\" data-element_type=\"widget\" data-settings=\"{&quot;_animation&quot;:&quot;fadeInDown&quot;}\" data-widget_type=\"text-editor.default\">\n\t\t\t\t<div class=\"elementor-widget-container\">\n\t\t\t\t\t\t\t\t\t<p><strong>Programas de colegio<\/strong><\/p>\t\t\t\t\t\t\t\t<\/div>\n\t\t\t\t<\/div>\n\t\t\t\t\t<\/div>\n\t\t<\/div>\n\t\t\t\t\t<\/div>\n\t\t<\/section>\n\t\t\t\t<section class=\"elementor-section elementor-top-section elementor-element elementor-element-f423f76 elementor-section-boxed elementor-section-height-default elementor-section-height-default\" data-id=\"f423f76\" data-element_type=\"section\">\n\t\t\t\t\t\t<div class=\"elementor-container elementor-column-gap-default\">\n\t\t\t\t\t<div class=\"elementor-column elementor-col-100 elementor-top-column elementor-element elementor-element-f08a0d2\" data-id=\"f08a0d2\" data-element_type=\"column\">\n\t\t\t<div class=\"elementor-widget-wrap elementor-element-populated\">\n\t\t\t\t\t\t<div class=\"elementor-element elementor-element-b7fd476 elementor-invisible elementor-widget elementor-widget-image\" data-id=\"b7fd476\" data-element_type=\"widget\" data-settings=\"{&quot;_animation&quot;:&quot;zoomIn&quot;}\" data-widget_type=\"image.default\">\n\t\t\t\t<div class=\"elementor-widget-container\">\n\t\t\t\t\t\t\t\t\t\t\t\t\t\t\t<img decoding=\"async\" width=\"200\" height=\"200\" src=\"https:\/\/yfu.org.py\/site\/wp-content\/uploads\/2016\/05\/logoa.png\" class=\"attachment-full size-full wp-image-257\" alt=\"\" srcset=\"https:\/\/yfu.org.py\/site\/wp-content\/uploads\/2016\/05\/logoa.png 200w, https:\/\/yfu.org.py\/site\/wp-content\/uploads\/2016\/05\/logoa-80x80.png 80w, https:\/\/yfu.org.py\/site\/wp-content\/uploads\/2016\/05\/logoa-174x174.png 174w\" sizes=\"(max-width: 200px) 100vw, 200px\" \/>\t\t\t\t\t\t\t\t\t\t\t\t\t\t\t<\/div>\n\t\t\t\t<\/div>\n\t\t\t\t<div class=\"elementor-element elementor-element-226b7ac elementor-widget elementor-widget-spacer\" data-id=\"226b7ac\" data-element_type=\"widget\" data-widget_type=\"spacer.default\">\n\t\t\t\t<div class=\"elementor-widget-container\">\n\t\t\t\t\t\t\t<div class=\"elementor-spacer\">\n\t\t\t<div class=\"elementor-spacer-inner\"><\/div>\n\t\t<\/div>\n\t\t\t\t\t\t<\/div>\n\t\t\t\t<\/div>\n\t\t\t\t\t<\/div>\n\t\t<\/div>\n\t\t\t\t\t<\/div>\n\t\t<\/section>\n\t\t\t\t<section class=\"elementor-section elementor-top-section elementor-element elementor-element-fb4845f elementor-section-boxed elementor-section-height-default elementor-section-height-default\" data-id=\"fb4845f\" data-element_type=\"section\">\n\t\t\t\t\t\t<div class=\"elementor-container elementor-column-gap-default\">\n\t\t\t\t\t<div class=\"elementor-column elementor-col-100 elementor-top-column elementor-element elementor-element-823528f\" data-id=\"823528f\" data-element_type=\"column\">\n\t\t\t<div class=\"elementor-widget-wrap elementor-element-populated\">\n\t\t\t\t\t\t<div class=\"elementor-element elementor-element-f3fa9d7 elementor-widget elementor-widget-text-editor\" data-id=\"f3fa9d7\" data-element_type=\"widget\" data-widget_type=\"text-editor.default\">\n\t\t\t\t<div class=\"elementor-widget-container\">\n\t\t\t\t\t\t\t\t\t<h1 style=\"text-align: center;\"><span style=\"color: #00aaac;\">DESTINOS EN TODO EL MUNDO<\/span><\/h1>\t\t\t\t\t\t\t\t<\/div>\n\t\t\t\t<\/div>\n\t\t\t\t\t<\/div>\n\t\t<\/div>\n\t\t\t\t\t<\/div>\n\t\t<\/section>\n\t\t\t\t<section class=\"elementor-section elementor-top-section elementor-element elementor-element-82d47f4 elementor-section-boxed elementor-section-height-default elementor-section-height-default\" data-id=\"82d47f4\" data-element_type=\"section\">\n\t\t\t\t\t\t<div class=\"elementor-container elementor-column-gap-default\">\n\t\t\t\t\t<div class=\"elementor-column elementor-col-100 elementor-top-column elementor-element elementor-element-6d8a9d7\" data-id=\"6d8a9d7\" data-element_type=\"column\">\n\t\t\t<div class=\"elementor-widget-wrap elementor-element-populated\">\n\t\t\t\t\t\t<div class=\"elementor-element elementor-element-497d884 elementor-widget__width-initial elementor-widget elementor-widget-text-editor\" data-id=\"497d884\" data-element_type=\"widget\" data-widget_type=\"text-editor.default\">\n\t\t\t\t<div class=\"elementor-widget-container\">\n\t\t\t\t\t\t\t\t\t<p>YFU Paraguay ofrece m\u00e1s de 30 destinos para que cada estudiante encuentre su programa ideal. Cada pa\u00eds brinda una experiencia educativa y cultural \u00fanica, acompa\u00f1ada por la red de apoyo de YFU durante todo el intercambio.<br>Contamos con programas trimestrales, semestrales y anuales. <a style=\"color: #00aaac;\" href=\"https:\/\/yfu.org.py\/site\/contacto\/\" target=\"_blank\" rel=\"noopener\"><u>Cont\u00e1ctanos<\/u><\/a> para recibir m\u00e1s informaci\u00f3n.<\/p>\n<p><!-- \/wp:paragraph --><!-- wp:paragraph --><!-- \/wp:paragraph --><!-- wp:image {\"id\":745,\"sizeSlug\":\"large\",\"linkDestination\":\"none\"} --><!-- \/wp:image --><\/p>\t\t\t\t\t\t\t\t<\/div>\n\t\t\t\t<\/div>\n\t\t\t\t\t<\/div>\n\t\t<\/div>\n\t\t\t\t\t<\/div>\n\t\t<\/section>\n\t\t\t\t<section class=\"elementor-section elementor-top-section elementor-element elementor-element-fd80def elementor-section-boxed elementor-section-height-default elementor-section-height-default\" data-id=\"fd80def\" data-element_type=\"section\">\n\t\t\t\t\t\t<div class=\"elementor-container elementor-column-gap-default\">\n\t\t\t\t\t<div class=\"elementor-column elementor-col-100 elementor-top-column elementor-element elementor-element-e31ddbc\" data-id=\"e31ddbc\" data-element_type=\"column\">\n\t\t\t<div class=\"elementor-widget-wrap elementor-element-populated\">\n\t\t\t\t\t\t<div class=\"elementor-element elementor-element-05a71fa elementor-widget elementor-widget-text-editor\" data-id=\"05a71fa\" data-element_type=\"widget\" data-widget_type=\"text-editor.default\">\n\t\t\t\t<div class=\"elementor-widget-container\">\n\t\t\t\t\t\t\t\t\t<h1><span style=\"color: #00aaac;\">EUROPA<\/span><\/h1>\t\t\t\t\t\t\t\t<\/div>\n\t\t\t\t<\/div>\n\t\t\t\t\t<\/div>\n\t\t<\/div>\n\t\t\t\t\t<\/div>\n\t\t<\/section>\n\t\t\t\t<section class=\"elementor-section elementor-top-section elementor-element elementor-element-c5e40db elementor-section-boxed elementor-section-height-default elementor-section-height-default\" data-id=\"c5e40db\" data-element_type=\"section\">\n\t\t\t\t\t\t<div class=\"elementor-container elementor-column-gap-default\">\n\t\t\t\t\t<div class=\"elementor-column elementor-col-25 elementor-top-column elementor-element elementor-element-c8ea774\" data-id=\"c8ea774\" data-element_type=\"column\">\n\t\t\t<div class=\"elementor-widget-wrap elementor-element-populated\">\n\t\t\t\t\t\t<div class=\"elementor-element elementor-element-555df4f elementor-widget elementor-widget-text-editor\" data-id=\"555df4f\" data-element_type=\"widget\" data-widget_type=\"text-editor.default\">\n\t\t\t\t<div class=\"elementor-widget-container\">\n\t\t\t\t\t\t\t\t\t<ul>\n<li>Alemania<\/li>\n<li>Austria\u00a0<\/li>\n<li>B\u00e9lgica Flamenca<\/li>\n<li>B\u00e9lgica Valonia<\/li>\n<li>Dinamarca<\/li>\n<\/ul>\t\t\t\t\t\t\t\t<\/div>\n\t\t\t\t<\/div>\n\t\t\t\t\t<\/div>\n\t\t<\/div>\n\t\t\t\t<div class=\"elementor-column elementor-col-25 elementor-top-column elementor-element elementor-element-4f31aeb\" data-id=\"4f31aeb\" data-element_type=\"column\">\n\t\t\t<div class=\"elementor-widget-wrap elementor-element-populated\">\n\t\t\t\t\t\t<div class=\"elementor-element elementor-element-b108731 elementor-widget elementor-widget-text-editor\" data-id=\"b108731\" data-element_type=\"widget\" data-widget_type=\"text-editor.default\">\n\t\t\t\t<div class=\"elementor-widget-container\">\n\t\t\t\t\t\t\t\t\t<ul>\n<li>Estonia\u00a0<\/li>\n<li>Finlandia\u00a0<\/li>\n<li>Francia<\/li>\n<li>Hungr\u00eda<\/li>\n<li>Irlanda<\/li>\n<\/ul>\t\t\t\t\t\t\t\t<\/div>\n\t\t\t\t<\/div>\n\t\t\t\t\t<\/div>\n\t\t<\/div>\n\t\t\t\t<div class=\"elementor-column elementor-col-25 elementor-top-column elementor-element elementor-element-0a8525c\" data-id=\"0a8525c\" data-element_type=\"column\">\n\t\t\t<div class=\"elementor-widget-wrap elementor-element-populated\">\n\t\t\t\t\t\t<div class=\"elementor-element elementor-element-4e0849f elementor-widget elementor-widget-text-editor\" data-id=\"4e0849f\" data-element_type=\"widget\" data-widget_type=\"text-editor.default\">\n\t\t\t\t<div class=\"elementor-widget-container\">\n\t\t\t\t\t\t\t\t\t<ul>\n<li>Italia<\/li>\n<li>Letonia<\/li>\n<li>Noruega<\/li>\n<li>Pa\u00edses Bajos<\/li>\n<li>Polonia<\/li>\n<\/ul>\t\t\t\t\t\t\t\t<\/div>\n\t\t\t\t<\/div>\n\t\t\t\t\t<\/div>\n\t\t<\/div>\n\t\t\t\t<div class=\"elementor-column elementor-col-25 elementor-top-column elementor-element elementor-element-4f034c3\" data-id=\"4f034c3\" data-element_type=\"column\">\n\t\t\t<div class=\"elementor-widget-wrap elementor-element-populated\">\n\t\t\t\t\t\t<div class=\"elementor-element elementor-element-cea6c10 elementor-widget elementor-widget-text-editor\" data-id=\"cea6c10\" data-element_type=\"widget\" data-widget_type=\"text-editor.default\">\n\t\t\t\t<div class=\"elementor-widget-container\">\n\t\t\t\t\t\t\t\t\t<ul>\n<li>Reino Unido<\/li>\n<li>Rep\u00fablica Checa<\/li>\n<li>Suiza<\/li>\n<\/ul>\t\t\t\t\t\t\t\t<\/div>\n\t\t\t\t<\/div>\n\t\t\t\t\t<\/div>\n\t\t<\/div>\n\t\t\t\t\t<\/div>\n\t\t<\/section>\n\t\t\t\t<section class=\"elementor-section elementor-top-section elementor-element elementor-element-8a3797b elementor-section-boxed elementor-section-height-default elementor-section-height-default\" data-id=\"8a3797b\" data-element_type=\"section\">\n\t\t\t\t\t\t<div class=\"elementor-container elementor-column-gap-default\">\n\t\t\t\t\t<div class=\"elementor-column elementor-col-25 elementor-top-column elementor-element elementor-element-9c12fd3\" data-id=\"9c12fd3\" data-element_type=\"column\">\n\t\t\t<div class=\"elementor-widget-wrap elementor-element-populated\">\n\t\t\t\t\t\t<div class=\"elementor-element elementor-element-2a500c3 elementor-widget elementor-widget-text-editor\" data-id=\"2a500c3\" data-element_type=\"widget\" data-widget_type=\"text-editor.default\">\n\t\t\t\t<div class=\"elementor-widget-container\">\n\t\t\t\t\t\t\t\t\t<h1><strong><span style=\"color: #00aaac;\">AM\u00c9RICA\u00a0<\/span><\/strong><\/h1>\t\t\t\t\t\t\t\t<\/div>\n\t\t\t\t<\/div>\n\t\t\t\t<div class=\"elementor-element elementor-element-457ae56 elementor-widget elementor-widget-text-editor\" data-id=\"457ae56\" data-element_type=\"widget\" data-widget_type=\"text-editor.default\">\n\t\t\t\t<div class=\"elementor-widget-container\">\n\t\t\t\t\t\t\t\t\t<ul>\n<li>Argentina<\/li>\n<li>Brasil<\/li>\n<li>Canad\u00e1<\/li>\n<li>Chile<\/li>\n<li>Ecuador\u00a0<\/li>\n<li>Estados Unidos<\/li>\n<li>Uruguay<\/li>\n<\/ul>\t\t\t\t\t\t\t\t<\/div>\n\t\t\t\t<\/div>\n\t\t\t\t\t<\/div>\n\t\t<\/div>\n\t\t\t\t<div class=\"elementor-column elementor-col-25 elementor-top-column elementor-element elementor-element-62aa452\" data-id=\"62aa452\" data-element_type=\"column\">\n\t\t\t<div class=\"elementor-widget-wrap elementor-element-populated\">\n\t\t\t\t\t\t<div class=\"elementor-element elementor-element-0ea9773 elementor-widget elementor-widget-text-editor\" data-id=\"0ea9773\" data-element_type=\"widget\" data-widget_type=\"text-editor.default\">\n\t\t\t\t<div class=\"elementor-widget-container\">\n\t\t\t\t\t\t\t\t\t<h1><span style=\"color: #00aaac;\">ASIA<\/span><\/h1>\t\t\t\t\t\t\t\t<\/div>\n\t\t\t\t<\/div>\n\t\t\t\t<div class=\"elementor-element elementor-element-18cbadb elementor-widget elementor-widget-text-editor\" data-id=\"18cbadb\" data-element_type=\"widget\" data-widget_type=\"text-editor.default\">\n\t\t\t\t<div class=\"elementor-widget-container\">\n\t\t\t\t\t\t\t\t\t<ul>\n<li>Jap\u00f3n<\/li>\n<li>Tailandia<\/li>\n<li>Turqu\u00eda<\/li>\n<\/ul>\t\t\t\t\t\t\t\t<\/div>\n\t\t\t\t<\/div>\n\t\t\t\t\t<\/div>\n\t\t<\/div>\n\t\t\t\t<div class=\"elementor-column elementor-col-25 elementor-top-column elementor-element elementor-element-6e7eeda\" data-id=\"6e7eeda\" data-element_type=\"column\">\n\t\t\t<div class=\"elementor-widget-wrap elementor-element-populated\">\n\t\t\t\t\t\t<div class=\"elementor-element elementor-element-2edb07e elementor-widget elementor-widget-text-editor\" data-id=\"2edb07e\" data-element_type=\"widget\" data-widget_type=\"text-editor.default\">\n\t\t\t\t<div class=\"elementor-widget-container\">\n\t\t\t\t\t\t\t\t\t<h1><span style=\"color: #00aaac;\">OCEAN\u00cdA<\/span><\/h1>\t\t\t\t\t\t\t\t<\/div>\n\t\t\t\t<\/div>\n\t\t\t\t<div class=\"elementor-element elementor-element-11d999f elementor-widget elementor-widget-text-editor\" data-id=\"11d999f\" data-element_type=\"widget\" data-widget_type=\"text-editor.default\">\n\t\t\t\t<div class=\"elementor-widget-container\">\n\t\t\t\t\t\t\t\t\t<ul>\n<li>Australia<\/li>\n<li>Nueva Zelanda<\/li>\n<\/ul>\t\t\t\t\t\t\t\t<\/div>\n\t\t\t\t<\/div>\n\t\t\t\t\t<\/div>\n\t\t<\/div>\n\t\t\t\t<div class=\"elementor-column elementor-col-25 elementor-top-column elementor-element elementor-element-f0afe04\" data-id=\"f0afe04\" data-element_type=\"column\">\n\t\t\t<div class=\"elementor-widget-wrap elementor-element-populated\">\n\t\t\t\t\t\t<div class=\"elementor-element elementor-element-dfa1ef8 elementor-widget elementor-widget-text-editor\" data-id=\"dfa1ef8\" data-element_type=\"widget\" data-widget_type=\"text-editor.default\">\n\t\t\t\t<div class=\"elementor-widget-container\">\n\t\t\t\t\t\t\t\t\t<h1><span style=\"color: #00aaac;\"><span style=\"caret-color: #00aaac;\">\u00c1FRICA<\/span><\/span><\/h1>\t\t\t\t\t\t\t\t<\/div>\n\t\t\t\t<\/div>\n\t\t\t\t<div class=\"elementor-element elementor-element-76d711a elementor-widget elementor-widget-text-editor\" data-id=\"76d711a\" data-element_type=\"widget\" data-widget_type=\"text-editor.default\">\n\t\t\t\t<div class=\"elementor-widget-container\">\n\t\t\t\t\t\t\t\t\t<ul>\n<li>Sud\u00e1frica<\/li>\n<\/ul>\t\t\t\t\t\t\t\t<\/div>\n\t\t\t\t<\/div>\n\t\t\t\t\t<\/div>\n\t\t<\/div>\n\t\t\t\t\t<\/div>\n\t\t<\/section>\n\t\t\t\t<section class=\"elementor-section elementor-top-section elementor-element elementor-element-828c3f5 elementor-section-boxed elementor-section-height-default elementor-section-height-default\" data-id=\"828c3f5\" data-element_type=\"section\">\n\t\t\t\t\t\t<div class=\"elementor-container elementor-column-gap-default\">\n\t\t\t\t\t<div class=\"elementor-column elementor-col-100 elementor-top-column elementor-element elementor-element-1ff8d59\" data-id=\"1ff8d59\" data-element_type=\"column\">\n\t\t\t<div class=\"elementor-widget-wrap elementor-element-populated\">\n\t\t\t\t\t\t<div class=\"elementor-element elementor-element-1e1ab18 elementor-widget elementor-widget-image\" data-id=\"1e1ab18\" data-element_type=\"widget\" data-widget_type=\"image.default\">\n\t\t\t\t<div class=\"elementor-widget-container\">\n\t\t\t\t\t\t\t\t\t\t\t\t\t\t\t<img fetchpriority=\"high\" decoding=\"async\" width=\"1030\" height=\"340\" src=\"https:\/\/yfu.org.py\/site\/wp-content\/uploads\/2026\/02\/image-1030x340.png\" class=\"attachment-large size-large wp-image-745\" alt=\"\" srcset=\"https:\/\/yfu.org.py\/site\/wp-content\/uploads\/2026\/02\/image-1030x340.png 1030w, https:\/\/yfu.org.py\/site\/wp-content\/uploads\/2026\/02\/image-300x99.png 300w, https:\/\/yfu.org.py\/site\/wp-content\/uploads\/2026\/02\/image-768x254.png 768w, https:\/\/yfu.org.py\/site\/wp-content\/uploads\/2026\/02\/image-1536x507.png 1536w, https:\/\/yfu.org.py\/site\/wp-content\/uploads\/2026\/02\/image-2048x676.png 2048w\" sizes=\"(max-width: 1030px) 100vw, 1030px\" \/>\t\t\t\t\t\t\t\t\t\t\t\t\t\t\t<\/div>\n\t\t\t\t<\/div>\n\t\t\t\t\t<\/div>\n\t\t<\/div>\n\t\t\t\t\t<\/div>\n\t\t<\/section>\n\t\t\t\t<section class=\"elementor-section elementor-top-section elementor-element elementor-element-d197472 elementor-section-boxed elementor-section-height-default elementor-section-height-default\" data-id=\"d197472\" data-element_type=\"section\">\n\t\t\t\t\t\t<div class=\"elementor-container elementor-column-gap-default\">\n\t\t\t\t\t<div class=\"elementor-column elementor-col-50 elementor-top-column elementor-element elementor-element-9fc31c7\" data-id=\"9fc31c7\" data-element_type=\"column\">\n\t\t\t<div class=\"elementor-widget-wrap elementor-element-populated\">\n\t\t\t\t\t\t<div class=\"elementor-element elementor-element-e85d874 elementor-widget elementor-widget-text-editor\" data-id=\"e85d874\" data-element_type=\"widget\" data-widget_type=\"text-editor.default\">\n\t\t\t\t<div class=\"elementor-widget-container\">\n\t\t\t\t\t\t\t\t\t<h1><strong><span style=\"color: #00aaac;\">\u00bfQU\u00c9 INCLUYE EL PROGRAMA?<\/span><\/strong><\/h1>\n<ul>\n<li style=\"font-weight: 400;\" aria-level=\"1\"><span style=\"font-weight: 400;\">Ticket a\u00e9reo de ida y vuelta\u00a0<\/span><\/li>\n<li style=\"font-weight: 400;\" aria-level=\"1\"><span style=\"font-weight: 400;\">Entrevista con el estudiante pre partida<\/span><\/li>\n<li style=\"font-weight: 400;\" aria-level=\"1\"><span style=\"font-weight: 400;\">Examen de idioma\u00a0<\/span><\/li>\n<li style=\"font-weight: 400;\" aria-level=\"1\"><span style=\"font-weight: 400;\">Orientaci\u00f3n pre partida\u00a0<\/span><\/li>\n<li style=\"font-weight: 400;\" aria-level=\"1\"><span style=\"font-weight: 400;\">Orientaci\u00f3n durante la estad\u00eda<\/span><\/li>\n<li style=\"font-weight: 400;\" aria-level=\"1\"><span style=\"font-weight: 400;\">Seguro M\u00e9dico Internacional\u00a0<\/span><\/li>\n<li style=\"font-weight: 400;\" aria-level=\"1\"><span style=\"font-weight: 400;\">Traslado y apoyo en el aeropuerto en la partida y llegada<\/span><\/li>\n<li style=\"font-weight: 400;\" aria-level=\"1\"><span style=\"font-weight: 400;\">Acompa\u00f1amiento en la gesti\u00f3n de visa o residencia\u00a0<\/span><\/li>\n<li style=\"font-weight: 400;\" aria-level=\"1\"><span style=\"font-weight: 400;\">Inscripci\u00f3n al colegio\u00a0<\/span><\/li>\n<li style=\"font-weight: 400;\" aria-level=\"1\"><span style=\"font-weight: 400;\">Una familia anfitriona seleccionada por YFU<\/span><\/li>\n<li style=\"font-weight: 400;\" aria-level=\"1\"><span style=\"font-weight: 400;\">3 comidas diario prove\u00eddas por la familia anfitriona\u00a0\u00a0<\/span><\/li>\n<li style=\"font-weight: 400;\" aria-level=\"1\"><span style=\"font-weight: 400;\">Contacto de emergencia 24 horas\u00a0<\/span><\/li>\n<li style=\"font-weight: 400;\" aria-level=\"1\"><span style=\"font-weight: 400;\">Orientaci\u00f3n despu\u00e9s del intercambio<\/span><\/li>\n<li style=\"font-weight: 400;\" aria-level=\"1\"><span style=\"font-weight: 400;\">Atenci\u00f3n a los padres naturales durante todo el proceso<\/span><\/li>\n<li style=\"font-weight: 400;\" aria-level=\"1\"><span style=\"font-weight: 400;\">+70 a\u00f1os de trayectoria como organizaci\u00f3n<\/span><\/li>\n<\/ul>\t\t\t\t\t\t\t\t<\/div>\n\t\t\t\t<\/div>\n\t\t\t\t\t<\/div>\n\t\t<\/div>\n\t\t\t\t<div class=\"elementor-column elementor-col-50 elementor-top-column elementor-element elementor-element-3e91ace\" data-id=\"3e91ace\" data-element_type=\"column\">\n\t\t\t<div class=\"elementor-widget-wrap elementor-element-populated\">\n\t\t\t\t\t\t<div class=\"elementor-element elementor-element-7ba910a elementor-widget elementor-widget-text-editor\" data-id=\"7ba910a\" data-element_type=\"widget\" data-widget_type=\"text-editor.default\">\n\t\t\t\t<div class=\"elementor-widget-container\">\n\t\t\t\t\t\t\t\t\t<h1 style=\"color: #00aaac;\">COSTOS ADICIONALES<\/h1>\n<ul>\n<li style=\"font-weight: 400;\" aria-level=\"1\"><span style=\"font-weight: 400;\">Vi\u00e1tico mensual<\/span><\/li>\n<li style=\"font-weight: 400;\" aria-level=\"1\"><span style=\"font-weight: 400;\">Traslado al colegio<\/span><\/li>\n<li style=\"font-weight: 400;\" aria-level=\"1\"><span style=\"font-weight: 400;\">Materiales del colegio<\/span><\/li>\n<li style=\"font-weight: 400;\" aria-level=\"1\"><span style=\"font-weight: 400;\">Viajes y tours particulares<\/span><\/li>\n<li style=\"font-weight: 400;\" aria-level=\"1\"><span style=\"font-weight: 400;\">Gastos de tr\u00e1mites de documentos, visas y residencia<\/span><\/li>\n<\/ul>\t\t\t\t\t\t\t\t<\/div>\n\t\t\t\t<\/div>\n\t\t\t\t\t<\/div>\n\t\t<\/div>\n\t\t\t\t\t<\/div>\n\t\t<\/section>\n\t\t\t\t<section class=\"elementor-section elementor-top-section elementor-element elementor-element-1ca9a2d elementor-section-boxed elementor-section-height-default elementor-section-height-default\" data-id=\"1ca9a2d\" data-element_type=\"section\">\n\t\t\t\t\t\t<div class=\"elementor-container elementor-column-gap-default\">\n\t\t\t\t\t<div class=\"elementor-column elementor-col-100 elementor-top-column elementor-element elementor-element-6c6a0d9\" data-id=\"6c6a0d9\" data-element_type=\"column\">\n\t\t\t<div class=\"elementor-widget-wrap elementor-element-populated\">\n\t\t\t\t\t\t<div class=\"elementor-element elementor-element-12cc99e elementor-invisible elementor-widget elementor-widget-image\" data-id=\"12cc99e\" data-element_type=\"widget\" data-settings=\"{&quot;_animation&quot;:&quot;fadeInDown&quot;}\" data-widget_type=\"image.default\">\n\t\t\t\t<div class=\"elementor-widget-container\">\n\t\t\t\t\t\t\t\t\t\t\t\t<figure class=\"wp-caption\">\n\t\t\t\t\t\t\t\t\t\t\t<a href=\"https:\/\/yfu.org.py\/site\/viajar\/preguntas-frecuentes\/\">\n\t\t\t\t\t\t\t<img decoding=\"async\" width=\"200\" height=\"200\" src=\"https:\/\/yfu.org.py\/site\/wp-content\/uploads\/2026\/02\/Preguntas-frecuentes-3.png\" class=\"elementor-animation-shrink attachment-large size-large wp-image-829\" alt=\"\" srcset=\"https:\/\/yfu.org.py\/site\/wp-content\/uploads\/2026\/02\/Preguntas-frecuentes-3.png 200w, https:\/\/yfu.org.py\/site\/wp-content\/uploads\/2026\/02\/Preguntas-frecuentes-3-80x80.png 80w\" sizes=\"(max-width: 200px) 100vw, 200px\" \/>\t\t\t\t\t\t\t\t<\/a>\n\t\t\t\t\t\t\t\t\t\t\t<figcaption class=\"widget-image-caption wp-caption-text\"><\/figcaption>\n\t\t\t\t\t\t\t\t\t\t<\/figure>\n\t\t\t\t\t\t\t\t\t<\/div>\n\t\t\t\t<\/div>\n\t\t\t\t\t<\/div>\n\t\t<\/div>\n\t\t\t\t\t<\/div>\n\t\t<\/section>\n\t\t\t\t<\/div>\n\t\t","protected":false},"excerpt":{"rendered":"<p>Programas de colegio DESTINOS EN TODO EL MUNDO YFU Paraguay ofrece m\u00e1s de 30 destinos para que cada estudiante encuentre su programa ideal. Cada pa\u00eds brinda una experiencia educativa y cultural \u00fanica, acompa\u00f1ada por la red de apoyo de YFU durante todo el intercambio.Contamos con programas trimestrales, semestrales y anuales. Cont\u00e1ctanos para recibir m\u00e1s informaci\u00f3n&#8230;.<\/p>\n","protected":false},"author":2,"featured_media":0,"parent":0,"menu_order":0,"comment_status":"closed","ping_status":"closed","template":"","meta":{"_eb_attr":"","_kad_post_transparent":"","_kad_post_title":"","_kad_post_layout":"","_kad_post_sidebar_id":"","_kad_post_content_style":"","_kad_post_vertical_padding":"","_kad_post_feature":"","_kad_post_feature_position":"","_kad_post_header":false,"_kad_post_footer":false,"footnotes":""},"class_list":["post-774","page","type-page","status-publish","hentry"],"_links":{"self":[{"href":"https:\/\/yfu.org.py\/site\/wp-json\/wp\/v2\/pages\/774","targetHints":{"allow":["GET"]}}],"collection":[{"href":"https:\/\/yfu.org.py\/site\/wp-json\/wp\/v2\/pages"}],"about":[{"href":"https:\/\/yfu.org.py\/site\/wp-json\/wp\/v2\/types\/page"}],"author":[{"embeddable":true,"href":"https:\/\/yfu.org.py\/site\/wp-json\/wp\/v2\/users\/2"}],"replies":[{"embeddable":true,"href":"https:\/\/yfu.org.py\/site\/wp-json\/wp\/v2\/comments?post=774"}],"version-history":[{"count":37,"href":"https:\/\/yfu.org.py\/site\/wp-json\/wp\/v2\/pages\/774\/revisions"}],"predecessor-version":[{"id":1063,"href":"https:\/\/yfu.org.py\/site\/wp-json\/wp\/v2\/pages\/774\/revisions\/1063"}],"wp:attachment":[{"href":"https:\/\/yfu.org.py\/site\/wp-json\/wp\/v2\/media?parent=774"}],"curies":[{"name":"wp","href":"https:\/\/api.w.org\/{rel}","templated":true}]}}