{"id":481,"date":"2023-03-08T17:20:45","date_gmt":"2023-03-08T20:20:45","guid":{"rendered":"https:\/\/yfu.org.py\/site\/?page_id=481"},"modified":"2026-03-03T15:54:32","modified_gmt":"2026-03-03T18:54:32","slug":"voluntariado","status":"publish","type":"page","link":"https:\/\/yfu.org.py\/site\/voluntariado\/","title":{"rendered":"Voluntariado"},"content":{"rendered":"\t\t<div data-elementor-type=\"wp-post\" data-elementor-id=\"481\" class=\"elementor elementor-481\" data-elementor-post-type=\"page\">\n\t\t\t\t\t\t<section class=\"elementor-section elementor-top-section elementor-element elementor-element-263afda elementor-section-full_width elementor-section-height-min-height elementor-section-stretched elementor-section-height-default elementor-section-items-middle elementor-invisible\" data-id=\"263afda\" data-element_type=\"section\" data-settings=\"{&quot;stretch_section&quot;:&quot;section-stretched&quot;,&quot;background_background&quot;:&quot;slideshow&quot;,&quot;background_slideshow_gallery&quot;:[{&quot;id&quot;:290,&quot;url&quot;:&quot;https:\\\/\\\/yfu.org.py\\\/site\\\/wp-content\\\/uploads\\\/2018\\\/05\\\/IMG_0459.jpg&quot;},{&quot;id&quot;:289,&quot;url&quot;:&quot;https:\\\/\\\/yfu.org.py\\\/site\\\/wp-content\\\/uploads\\\/2018\\\/05\\\/3104_Hungary_2018_Stud_PostArrivalOrientationSession.jpg&quot;},{&quot;id&quot;:288,&quot;url&quot;:&quot;https:\\\/\\\/yfu.org.py\\\/site\\\/wp-content\\\/uploads\\\/2018\\\/05\\\/3069_France_2018_Stud_HF_GroupPortrait.jpg&quot;},{&quot;id&quot;:287,&quot;url&quot;:&quot;https:\\\/\\\/yfu.org.py\\\/site\\\/wp-content\\\/uploads\\\/2018\\\/05\\\/3068_France_2018_Stud_GirlsFun.jpg&quot;},{&quot;id&quot;:285,&quot;url&quot;:&quot;https:\\\/\\\/yfu.org.py\\\/site\\\/wp-content\\\/uploads\\\/2018\\\/05\\\/2778_Denmark_2017_Stud_CountryFlagsFun.jpg&quot;},{&quot;id&quot;:286,&quot;url&quot;:&quot;https:\\\/\\\/yfu.org.py\\\/site\\\/wp-content\\\/uploads\\\/2018\\\/05\\\/3039_BelgiumFlanders_2013_Stud_FollowUp.jpg&quot;}],&quot;background_slideshow_slide_duration&quot;:6000,&quot;background_slideshow_ken_burns&quot;:&quot;yes&quot;,&quot;animation&quot;:&quot;fadeIn&quot;,&quot;background_slideshow_loop&quot;:&quot;yes&quot;,&quot;background_slideshow_slide_transition&quot;:&quot;fade&quot;,&quot;background_slideshow_transition_duration&quot;:500,&quot;background_slideshow_ken_burns_zoom_direction&quot;:&quot;in&quot;}\">\n\t\t\t\t\t\t\t<div class=\"elementor-background-overlay\"><\/div>\n\t\t\t\t\t\t\t<div class=\"elementor-container elementor-column-gap-default\">\n\t\t\t\t\t<div class=\"elementor-column elementor-col-100 elementor-top-column elementor-element elementor-element-7032e02\" data-id=\"7032e02\" data-element_type=\"column\">\n\t\t\t<div class=\"elementor-widget-wrap elementor-element-populated\">\n\t\t\t\t\t\t<div class=\"elementor-element elementor-element-79cdea5 elementor-invisible elementor-widget elementor-widget-text-editor\" data-id=\"79cdea5\" data-element_type=\"widget\" data-settings=\"{&quot;_animation&quot;:&quot;fadeInDown&quot;}\" data-widget_type=\"text-editor.default\">\n\t\t\t\t<div class=\"elementor-widget-container\">\n\t\t\t\t\t\t\t\t\t<p><strong>Red de Voluntariado<\/strong><\/p>\t\t\t\t\t\t\t\t<\/div>\n\t\t\t\t<\/div>\n\t\t\t\t\t<\/div>\n\t\t<\/div>\n\t\t\t\t\t<\/div>\n\t\t<\/section>\n\t\t\t\t<section class=\"elementor-section elementor-top-section elementor-element elementor-element-720b98b8 elementor-section-boxed elementor-section-height-default elementor-section-height-default\" data-id=\"720b98b8\" data-element_type=\"section\">\n\t\t\t\t\t\t<div class=\"elementor-container elementor-column-gap-default\">\n\t\t\t\t\t<div class=\"elementor-column elementor-col-100 elementor-top-column elementor-element elementor-element-6d9f20a4\" data-id=\"6d9f20a4\" data-element_type=\"column\">\n\t\t\t<div class=\"elementor-widget-wrap elementor-element-populated\">\n\t\t\t\t\t\t<div class=\"elementor-element elementor-element-705aa8d elementor-invisible elementor-widget elementor-widget-image\" data-id=\"705aa8d\" data-element_type=\"widget\" data-settings=\"{&quot;_animation&quot;:&quot;zoomIn&quot;}\" data-widget_type=\"image.default\">\n\t\t\t\t<div class=\"elementor-widget-container\">\n\t\t\t\t\t\t\t\t\t\t\t\t\t\t\t<img decoding=\"async\" width=\"200\" height=\"200\" src=\"https:\/\/yfu.org.py\/site\/wp-content\/uploads\/2016\/05\/logoc.png\" class=\"attachment-full size-full wp-image-254\" alt=\"\" srcset=\"https:\/\/yfu.org.py\/site\/wp-content\/uploads\/2016\/05\/logoc.png 200w, https:\/\/yfu.org.py\/site\/wp-content\/uploads\/2016\/05\/logoc-80x80.png 80w, https:\/\/yfu.org.py\/site\/wp-content\/uploads\/2016\/05\/logoc-174x174.png 174w\" sizes=\"(max-width: 200px) 100vw, 200px\" \/>\t\t\t\t\t\t\t\t\t\t\t\t\t\t\t<\/div>\n\t\t\t\t<\/div>\n\t\t\t\t<div class=\"elementor-element elementor-element-18a9de2 elementor-widget elementor-widget-spacer\" data-id=\"18a9de2\" data-element_type=\"widget\" data-widget_type=\"spacer.default\">\n\t\t\t\t<div class=\"elementor-widget-container\">\n\t\t\t\t\t\t\t<div class=\"elementor-spacer\">\n\t\t\t<div class=\"elementor-spacer-inner\"><\/div>\n\t\t<\/div>\n\t\t\t\t\t\t<\/div>\n\t\t\t\t<\/div>\n\t\t\t\t\t<\/div>\n\t\t<\/div>\n\t\t\t\t\t<\/div>\n\t\t<\/section>\n\t\t\t\t<section class=\"elementor-section elementor-top-section elementor-element elementor-element-7712f5b elementor-section-stretched elementor-section-boxed elementor-section-height-default elementor-section-height-default\" data-id=\"7712f5b\" data-element_type=\"section\" data-settings=\"{&quot;stretch_section&quot;:&quot;section-stretched&quot;,&quot;background_background&quot;:&quot;classic&quot;}\">\n\t\t\t\t\t\t<div class=\"elementor-container elementor-column-gap-default\">\n\t\t\t\t\t<div class=\"elementor-column elementor-col-50 elementor-top-column elementor-element elementor-element-16b3e6f\" data-id=\"16b3e6f\" data-element_type=\"column\">\n\t\t\t<div class=\"elementor-widget-wrap elementor-element-populated\">\n\t\t\t\t\t\t<div class=\"elementor-element elementor-element-1546716 elementor-invisible elementor-widget elementor-widget-image\" data-id=\"1546716\" data-element_type=\"widget\" data-settings=\"{&quot;_animation&quot;:&quot;fadeInLeft&quot;}\" data-widget_type=\"image.default\">\n\t\t\t\t<div class=\"elementor-widget-container\">\n\t\t\t\t\t\t\t\t\t\t\t\t\t\t\t<img fetchpriority=\"high\" decoding=\"async\" width=\"1024\" height=\"476\" src=\"https:\/\/yfu.org.py\/site\/wp-content\/uploads\/2023\/03\/WhatsApp-Image-2023-03-02-at-16.20.09-e1678380587581.jpeg\" class=\"attachment-large size-large wp-image-536\" alt=\"\" srcset=\"https:\/\/yfu.org.py\/site\/wp-content\/uploads\/2023\/03\/WhatsApp-Image-2023-03-02-at-16.20.09-e1678380587581.jpeg 1024w, https:\/\/yfu.org.py\/site\/wp-content\/uploads\/2023\/03\/WhatsApp-Image-2023-03-02-at-16.20.09-e1678380587581-300x139.jpeg 300w, https:\/\/yfu.org.py\/site\/wp-content\/uploads\/2023\/03\/WhatsApp-Image-2023-03-02-at-16.20.09-e1678380587581-768x357.jpeg 768w\" sizes=\"(max-width: 1024px) 100vw, 1024px\" \/>\t\t\t\t\t\t\t\t\t\t\t\t\t\t\t<\/div>\n\t\t\t\t<\/div>\n\t\t\t\t\t<\/div>\n\t\t<\/div>\n\t\t\t\t<div class=\"elementor-column elementor-col-50 elementor-top-column elementor-element elementor-element-2ae452b\" data-id=\"2ae452b\" data-element_type=\"column\">\n\t\t\t<div class=\"elementor-widget-wrap elementor-element-populated\">\n\t\t\t\t\t\t<div class=\"elementor-element elementor-element-c506212 elementor-widget elementor-widget-spacer\" data-id=\"c506212\" data-element_type=\"widget\" data-widget_type=\"spacer.default\">\n\t\t\t\t<div class=\"elementor-widget-container\">\n\t\t\t\t\t\t\t<div class=\"elementor-spacer\">\n\t\t\t<div class=\"elementor-spacer-inner\"><\/div>\n\t\t<\/div>\n\t\t\t\t\t\t<\/div>\n\t\t\t\t<\/div>\n\t\t\t\t<div class=\"elementor-element elementor-element-dbabf02 elementor-invisible elementor-widget elementor-widget-text-editor\" data-id=\"dbabf02\" data-element_type=\"widget\" data-settings=\"{&quot;_animation&quot;:&quot;fadeInDown&quot;}\" data-widget_type=\"text-editor.default\">\n\t\t\t\t<div class=\"elementor-widget-container\">\n\t\t\t\t\t\t\t\t\t<p>Lo que hace especial a YFU son las personas que est\u00e1n conectadas con nosotros. Los voluntarios son el coraz\u00f3n de nuestra organizaci\u00f3n. Son el v\u00ednculo entre estudiantes, familias, escuelas y la red YFU. Gracias a su compromiso, YFU puede ofrecer una red de atenci\u00f3n sostenible en todo el mundo.<\/p>\t\t\t\t\t\t\t\t<\/div>\n\t\t\t\t<\/div>\n\t\t\t\t\t<\/div>\n\t\t<\/div>\n\t\t\t\t\t<\/div>\n\t\t<\/section>\n\t\t\t\t<section class=\"elementor-section elementor-top-section elementor-element elementor-element-2c036d0 elementor-section-stretched elementor-section-boxed elementor-section-height-default elementor-section-height-default\" data-id=\"2c036d0\" data-element_type=\"section\" data-settings=\"{&quot;stretch_section&quot;:&quot;section-stretched&quot;,&quot;background_background&quot;:&quot;classic&quot;}\">\n\t\t\t\t\t\t<div class=\"elementor-container elementor-column-gap-default\">\n\t\t\t\t\t<div class=\"elementor-column elementor-col-50 elementor-top-column elementor-element elementor-element-cb71181\" data-id=\"cb71181\" data-element_type=\"column\">\n\t\t\t<div class=\"elementor-widget-wrap elementor-element-populated\">\n\t\t\t\t\t\t<div class=\"elementor-element elementor-element-ab020f4 elementor-widget elementor-widget-spacer\" data-id=\"ab020f4\" data-element_type=\"widget\" data-widget_type=\"spacer.default\">\n\t\t\t\t<div class=\"elementor-widget-container\">\n\t\t\t\t\t\t\t<div class=\"elementor-spacer\">\n\t\t\t<div class=\"elementor-spacer-inner\"><\/div>\n\t\t<\/div>\n\t\t\t\t\t\t<\/div>\n\t\t\t\t<\/div>\n\t\t\t\t<div class=\"elementor-element elementor-element-ebbe399 elementor-invisible elementor-widget elementor-widget-text-editor\" data-id=\"ebbe399\" data-element_type=\"widget\" data-settings=\"{&quot;_animation&quot;:&quot;fadeInDown&quot;}\" data-widget_type=\"text-editor.default\">\n\t\t\t\t<div class=\"elementor-widget-container\">\n\t\t\t\t\t\t\t\t\t<p>La participaci\u00f3n del voluntario hace una diferencia real en la vida de los estudiantes, de las familias, su comunidad y el mundo. An\u00edmate y participa activamente como voluntario de YFU. Tu experiencia educativa, laboral o profesional puede ser un valioso aporte para el desarrollo de nuestra organizaci\u00f3n y de gran beneficio para las futuras generaciones.<\/p><p>Los voluntarios son la base de nuestra organizaci\u00f3n. El rol del voluntario es fundamental para el \u00e9xito de nuestra tarea. S\u00f3lo podemos cumplir los objetivos de crear entendimiento entre los pueblos del mundo si hay personas que est\u00e9n dispuestas a poner su energ\u00eda y su trabajo para lograr este fin.<\/p>\t\t\t\t\t\t\t\t<\/div>\n\t\t\t\t<\/div>\n\t\t\t\t\t<\/div>\n\t\t<\/div>\n\t\t\t\t<div class=\"elementor-column elementor-col-50 elementor-top-column elementor-element elementor-element-ee7ef76\" data-id=\"ee7ef76\" data-element_type=\"column\">\n\t\t\t<div class=\"elementor-widget-wrap elementor-element-populated\">\n\t\t\t\t\t\t<div class=\"elementor-element elementor-element-cdf61a3 elementor-invisible elementor-widget elementor-widget-image\" data-id=\"cdf61a3\" data-element_type=\"widget\" data-settings=\"{&quot;_animation&quot;:&quot;fadeInRight&quot;}\" data-widget_type=\"image.default\">\n\t\t\t\t<div class=\"elementor-widget-container\">\n\t\t\t\t\t\t\t\t\t\t\t\t\t\t\t<img decoding=\"async\" width=\"1030\" height=\"702\" src=\"https:\/\/yfu.org.py\/site\/wp-content\/uploads\/2023\/03\/WhatsApp-Image-2023-02-09-at-12.55.09-1-e1678380930729-1030x702.jpeg\" class=\"attachment-large size-large wp-image-538\" alt=\"\" srcset=\"https:\/\/yfu.org.py\/site\/wp-content\/uploads\/2023\/03\/WhatsApp-Image-2023-02-09-at-12.55.09-1-e1678380930729-1030x702.jpeg 1030w, https:\/\/yfu.org.py\/site\/wp-content\/uploads\/2023\/03\/WhatsApp-Image-2023-02-09-at-12.55.09-1-e1678380930729-300x204.jpeg 300w, https:\/\/yfu.org.py\/site\/wp-content\/uploads\/2023\/03\/WhatsApp-Image-2023-02-09-at-12.55.09-1-e1678380930729-768x523.jpeg 768w, https:\/\/yfu.org.py\/site\/wp-content\/uploads\/2023\/03\/WhatsApp-Image-2023-02-09-at-12.55.09-1-e1678380930729.jpeg 1319w\" sizes=\"(max-width: 1030px) 100vw, 1030px\" \/>\t\t\t\t\t\t\t\t\t\t\t\t\t\t\t<\/div>\n\t\t\t\t<\/div>\n\t\t\t\t\t<\/div>\n\t\t<\/div>\n\t\t\t\t\t<\/div>\n\t\t<\/section>\n\t\t\t\t<section class=\"elementor-section elementor-top-section elementor-element elementor-element-aaa2279 elementor-section-boxed elementor-section-height-default elementor-section-height-default\" data-id=\"aaa2279\" data-element_type=\"section\">\n\t\t\t\t\t\t<div class=\"elementor-container elementor-column-gap-default\">\n\t\t\t\t\t<div class=\"elementor-column elementor-col-100 elementor-top-column elementor-element elementor-element-01f2d40\" data-id=\"01f2d40\" data-element_type=\"column\">\n\t\t\t<div class=\"elementor-widget-wrap elementor-element-populated\">\n\t\t\t\t\t\t<div class=\"elementor-element elementor-element-76b8a9b elementor-widget elementor-widget-spacer\" data-id=\"76b8a9b\" data-element_type=\"widget\" data-widget_type=\"spacer.default\">\n\t\t\t\t<div class=\"elementor-widget-container\">\n\t\t\t\t\t\t\t<div class=\"elementor-spacer\">\n\t\t\t<div class=\"elementor-spacer-inner\"><\/div>\n\t\t<\/div>\n\t\t\t\t\t\t<\/div>\n\t\t\t\t<\/div>\n\t\t\t\t<div class=\"elementor-element elementor-element-3778667 elementor-invisible elementor-widget elementor-widget-text-editor\" data-id=\"3778667\" data-element_type=\"widget\" data-settings=\"{&quot;_animation&quot;:&quot;zoomIn&quot;}\" data-widget_type=\"text-editor.default\">\n\t\t\t\t<div class=\"elementor-widget-container\">\n\t\t\t\t\t\t\t\t\t<p><strong>Si quer\u00e9s formar parte de esta red y cambiar el mundo poco a poco con nosotros, sumate como voluntario de YFU!<\/strong><\/p>\t\t\t\t\t\t\t\t<\/div>\n\t\t\t\t<\/div>\n\t\t\t\t\t<\/div>\n\t\t<\/div>\n\t\t\t\t\t<\/div>\n\t\t<\/section>\n\t\t\t\t<section class=\"elementor-section elementor-top-section elementor-element elementor-element-53b0808 elementor-section-boxed elementor-section-height-default elementor-section-height-default\" data-id=\"53b0808\" data-element_type=\"section\">\n\t\t\t\t\t\t<div class=\"elementor-container elementor-column-gap-default\">\n\t\t\t\t\t<div class=\"elementor-column elementor-col-100 elementor-top-column elementor-element elementor-element-a37e896\" data-id=\"a37e896\" data-element_type=\"column\">\n\t\t\t<div class=\"elementor-widget-wrap elementor-element-populated\">\n\t\t\t\t\t\t<div class=\"elementor-element elementor-element-dd1ec7c elementor-widget-divider--view-line elementor-widget elementor-widget-divider\" data-id=\"dd1ec7c\" data-element_type=\"widget\" data-widget_type=\"divider.default\">\n\t\t\t\t<div class=\"elementor-widget-container\">\n\t\t\t\t\t\t\t<div class=\"elementor-divider\">\n\t\t\t<span class=\"elementor-divider-separator\">\n\t\t\t\t\t\t<\/span>\n\t\t<\/div>\n\t\t\t\t\t\t<\/div>\n\t\t\t\t<\/div>\n\t\t\t\t\t<\/div>\n\t\t<\/div>\n\t\t\t\t\t<\/div>\n\t\t<\/section>\n\t\t\t\t<\/div>\n\t\t","protected":false},"excerpt":{"rendered":"<p>Red de Voluntariado Lo que hace especial a YFU son las personas que est\u00e1n conectadas con nosotros. Los voluntarios son el coraz\u00f3n de nuestra organizaci\u00f3n. Son el v\u00ednculo entre estudiantes, familias, escuelas y la red YFU. Gracias a su compromiso, YFU puede ofrecer una red de atenci\u00f3n sostenible en todo el mundo. La participaci\u00f3n del&#8230;<\/p>\n","protected":false},"author":2,"featured_media":0,"parent":0,"menu_order":0,"comment_status":"closed","ping_status":"closed","template":"","meta":{"_eb_attr":"","_kad_post_transparent":"","_kad_post_title":"","_kad_post_layout":"","_kad_post_sidebar_id":"","_kad_post_content_style":"","_kad_post_vertical_padding":"","_kad_post_feature":"","_kad_post_feature_position":"","_kad_post_header":false,"_kad_post_footer":false,"footnotes":""},"class_list":["post-481","page","type-page","status-publish","hentry"],"_links":{"self":[{"href":"https:\/\/yfu.org.py\/site\/wp-json\/wp\/v2\/pages\/481","targetHints":{"allow":["GET"]}}],"collection":[{"href":"https:\/\/yfu.org.py\/site\/wp-json\/wp\/v2\/pages"}],"about":[{"href":"https:\/\/yfu.org.py\/site\/wp-json\/wp\/v2\/types\/page"}],"author":[{"embeddable":true,"href":"https:\/\/yfu.org.py\/site\/wp-json\/wp\/v2\/users\/2"}],"replies":[{"embeddable":true,"href":"https:\/\/yfu.org.py\/site\/wp-json\/wp\/v2\/comments?post=481"}],"version-history":[{"count":23,"href":"https:\/\/yfu.org.py\/site\/wp-json\/wp\/v2\/pages\/481\/revisions"}],"predecessor-version":[{"id":1097,"href":"https:\/\/yfu.org.py\/site\/wp-json\/wp\/v2\/pages\/481\/revisions\/1097"}],"wp:attachment":[{"href":"https:\/\/yfu.org.py\/site\/wp-json\/wp\/v2\/media?parent=481"}],"curies":[{"name":"wp","href":"https:\/\/api.w.org\/{rel}","templated":true}]}}