{"id":475,"date":"2023-03-08T17:11:27","date_gmt":"2023-03-08T20:11:27","guid":{"rendered":"https:\/\/yfu.org.py\/site\/?page_id=475"},"modified":"2026-03-03T15:46:55","modified_gmt":"2026-03-03T18:46:55","slug":"familia-anfitriona","status":"publish","type":"page","link":"https:\/\/yfu.org.py\/site\/familia-anfitriona\/","title":{"rendered":"Familia Anfitriona"},"content":{"rendered":"\t\t<div data-elementor-type=\"wp-post\" data-elementor-id=\"475\" class=\"elementor elementor-475\" data-elementor-post-type=\"page\">\n\t\t\t\t\t\t<section class=\"elementor-section elementor-top-section elementor-element elementor-element-25113ae elementor-section-full_width elementor-section-height-min-height elementor-section-stretched elementor-section-height-default elementor-section-items-middle elementor-invisible\" data-id=\"25113ae\" data-element_type=\"section\" data-settings=\"{&quot;stretch_section&quot;:&quot;section-stretched&quot;,&quot;background_background&quot;:&quot;slideshow&quot;,&quot;background_slideshow_gallery&quot;:[{&quot;id&quot;:290,&quot;url&quot;:&quot;https:\\\/\\\/yfu.org.py\\\/site\\\/wp-content\\\/uploads\\\/2018\\\/05\\\/IMG_0459.jpg&quot;},{&quot;id&quot;:289,&quot;url&quot;:&quot;https:\\\/\\\/yfu.org.py\\\/site\\\/wp-content\\\/uploads\\\/2018\\\/05\\\/3104_Hungary_2018_Stud_PostArrivalOrientationSession.jpg&quot;},{&quot;id&quot;:288,&quot;url&quot;:&quot;https:\\\/\\\/yfu.org.py\\\/site\\\/wp-content\\\/uploads\\\/2018\\\/05\\\/3069_France_2018_Stud_HF_GroupPortrait.jpg&quot;},{&quot;id&quot;:287,&quot;url&quot;:&quot;https:\\\/\\\/yfu.org.py\\\/site\\\/wp-content\\\/uploads\\\/2018\\\/05\\\/3068_France_2018_Stud_GirlsFun.jpg&quot;},{&quot;id&quot;:285,&quot;url&quot;:&quot;https:\\\/\\\/yfu.org.py\\\/site\\\/wp-content\\\/uploads\\\/2018\\\/05\\\/2778_Denmark_2017_Stud_CountryFlagsFun.jpg&quot;},{&quot;id&quot;:286,&quot;url&quot;:&quot;https:\\\/\\\/yfu.org.py\\\/site\\\/wp-content\\\/uploads\\\/2018\\\/05\\\/3039_BelgiumFlanders_2013_Stud_FollowUp.jpg&quot;}],&quot;background_slideshow_slide_duration&quot;:6000,&quot;background_slideshow_ken_burns&quot;:&quot;yes&quot;,&quot;animation&quot;:&quot;fadeIn&quot;,&quot;background_slideshow_loop&quot;:&quot;yes&quot;,&quot;background_slideshow_slide_transition&quot;:&quot;fade&quot;,&quot;background_slideshow_transition_duration&quot;:500,&quot;background_slideshow_ken_burns_zoom_direction&quot;:&quot;in&quot;}\">\n\t\t\t\t\t\t\t<div class=\"elementor-background-overlay\"><\/div>\n\t\t\t\t\t\t\t<div class=\"elementor-container elementor-column-gap-default\">\n\t\t\t\t\t<div class=\"elementor-column elementor-col-100 elementor-top-column elementor-element elementor-element-271572a\" data-id=\"271572a\" data-element_type=\"column\">\n\t\t\t<div class=\"elementor-widget-wrap elementor-element-populated\">\n\t\t\t\t\t\t<div class=\"elementor-element elementor-element-87112d0 elementor-invisible elementor-widget elementor-widget-text-editor\" data-id=\"87112d0\" data-element_type=\"widget\" data-settings=\"{&quot;_animation&quot;:&quot;fadeInDown&quot;}\" data-widget_type=\"text-editor.default\">\n\t\t\t\t<div class=\"elementor-widget-container\">\n\t\t\t\t\t\t\t\t\t<p><strong>La experiencia desde casa, siendo familia anfitriona<\/strong><\/p>\t\t\t\t\t\t\t\t<\/div>\n\t\t\t\t<\/div>\n\t\t\t\t\t<\/div>\n\t\t<\/div>\n\t\t\t\t\t<\/div>\n\t\t<\/section>\n\t\t\t\t<section class=\"elementor-section elementor-top-section elementor-element elementor-element-720b98b8 elementor-section-boxed elementor-section-height-default elementor-section-height-default\" data-id=\"720b98b8\" data-element_type=\"section\">\n\t\t\t\t\t\t<div class=\"elementor-container elementor-column-gap-default\">\n\t\t\t\t\t<div class=\"elementor-column elementor-col-100 elementor-top-column elementor-element elementor-element-6d9f20a4\" data-id=\"6d9f20a4\" data-element_type=\"column\">\n\t\t\t<div class=\"elementor-widget-wrap elementor-element-populated\">\n\t\t\t\t\t\t<div class=\"elementor-element elementor-element-705aa8d elementor-invisible elementor-widget elementor-widget-image\" data-id=\"705aa8d\" data-element_type=\"widget\" data-settings=\"{&quot;_animation&quot;:&quot;zoomIn&quot;}\" data-widget_type=\"image.default\">\n\t\t\t\t<div class=\"elementor-widget-container\">\n\t\t\t\t\t\t\t\t\t\t\t\t\t\t\t<img decoding=\"async\" width=\"200\" height=\"200\" src=\"https:\/\/yfu.org.py\/site\/wp-content\/uploads\/2016\/05\/logob.png\" class=\"attachment-full size-full wp-image-258\" alt=\"\" srcset=\"https:\/\/yfu.org.py\/site\/wp-content\/uploads\/2016\/05\/logob.png 200w, https:\/\/yfu.org.py\/site\/wp-content\/uploads\/2016\/05\/logob-80x80.png 80w, https:\/\/yfu.org.py\/site\/wp-content\/uploads\/2016\/05\/logob-174x174.png 174w\" sizes=\"(max-width: 200px) 100vw, 200px\" \/>\t\t\t\t\t\t\t\t\t\t\t\t\t\t\t<\/div>\n\t\t\t\t<\/div>\n\t\t\t\t<div class=\"elementor-element elementor-element-18a9de2 elementor-widget elementor-widget-spacer\" data-id=\"18a9de2\" data-element_type=\"widget\" data-widget_type=\"spacer.default\">\n\t\t\t\t<div class=\"elementor-widget-container\">\n\t\t\t\t\t\t\t<div class=\"elementor-spacer\">\n\t\t\t<div class=\"elementor-spacer-inner\"><\/div>\n\t\t<\/div>\n\t\t\t\t\t\t<\/div>\n\t\t\t\t<\/div>\n\t\t\t\t\t<\/div>\n\t\t<\/div>\n\t\t\t\t\t<\/div>\n\t\t<\/section>\n\t\t\t\t<section class=\"elementor-section elementor-top-section elementor-element elementor-element-7712f5b elementor-section-stretched elementor-section-boxed elementor-section-height-default elementor-section-height-default\" data-id=\"7712f5b\" data-element_type=\"section\" data-settings=\"{&quot;stretch_section&quot;:&quot;section-stretched&quot;,&quot;background_background&quot;:&quot;classic&quot;}\">\n\t\t\t\t\t\t<div class=\"elementor-container elementor-column-gap-default\">\n\t\t\t\t\t<div class=\"elementor-column elementor-col-50 elementor-top-column elementor-element elementor-element-16b3e6f\" data-id=\"16b3e6f\" data-element_type=\"column\">\n\t\t\t<div class=\"elementor-widget-wrap elementor-element-populated\">\n\t\t\t\t\t\t<div class=\"elementor-element elementor-element-70fde0a elementor-invisible elementor-widget elementor-widget-image\" data-id=\"70fde0a\" data-element_type=\"widget\" data-settings=\"{&quot;_animation&quot;:&quot;fadeInLeft&quot;}\" data-widget_type=\"image.default\">\n\t\t\t\t<div class=\"elementor-widget-container\">\n\t\t\t\t\t\t\t\t\t\t\t\t\t\t\t<img fetchpriority=\"high\" decoding=\"async\" width=\"1030\" height=\"687\" src=\"https:\/\/yfu.org.py\/site\/wp-content\/uploads\/2023\/03\/IMG_0580-1030x687.jpg\" class=\"attachment-large size-large wp-image-542\" alt=\"\" srcset=\"https:\/\/yfu.org.py\/site\/wp-content\/uploads\/2023\/03\/IMG_0580-1030x687.jpg 1030w, https:\/\/yfu.org.py\/site\/wp-content\/uploads\/2023\/03\/IMG_0580-300x200.jpg 300w, https:\/\/yfu.org.py\/site\/wp-content\/uploads\/2023\/03\/IMG_0580-768x512.jpg 768w, https:\/\/yfu.org.py\/site\/wp-content\/uploads\/2023\/03\/IMG_0580-1536x1024.jpg 1536w, https:\/\/yfu.org.py\/site\/wp-content\/uploads\/2023\/03\/IMG_0580-2048x1365.jpg 2048w\" sizes=\"(max-width: 1030px) 100vw, 1030px\" \/>\t\t\t\t\t\t\t\t\t\t\t\t\t\t\t<\/div>\n\t\t\t\t<\/div>\n\t\t\t\t\t<\/div>\n\t\t<\/div>\n\t\t\t\t<div class=\"elementor-column elementor-col-50 elementor-top-column elementor-element elementor-element-2ae452b\" data-id=\"2ae452b\" data-element_type=\"column\">\n\t\t\t<div class=\"elementor-widget-wrap elementor-element-populated\">\n\t\t\t\t\t\t<div class=\"elementor-element elementor-element-15830af elementor-widget elementor-widget-spacer\" data-id=\"15830af\" data-element_type=\"widget\" data-widget_type=\"spacer.default\">\n\t\t\t\t<div class=\"elementor-widget-container\">\n\t\t\t\t\t\t\t<div class=\"elementor-spacer\">\n\t\t\t<div class=\"elementor-spacer-inner\"><\/div>\n\t\t<\/div>\n\t\t\t\t\t\t<\/div>\n\t\t\t\t<\/div>\n\t\t\t\t<div class=\"elementor-element elementor-element-dbabf02 elementor-invisible elementor-widget elementor-widget-text-editor\" data-id=\"dbabf02\" data-element_type=\"widget\" data-settings=\"{&quot;_animation&quot;:&quot;fadeInDown&quot;}\" data-widget_type=\"text-editor.default\">\n\t\t\t\t<div class=\"elementor-widget-container\">\n\t\t\t\t\t\t\t\t\t<p>Convertirse en familia anfitriona es una oportunidad para toda la familia de vivir otra cultura desde casa, invitando a un joven de otro pa\u00eds, para compartir tu cultura y, al mismo tiempo, aprender sobre su cultura.<\/p><p>Ser familia anfitriona es una oportunidad de compartir historia, tradiciones y costumbres, al mismo tiempo que toda la familia va a experimentar nuevas tradiciones y costumbres sin salir del hogar. La experiencia YFU proporciona en un ambiente seguro, una oportunidad de ganar perspectiva global y contribuir a cambiar el curso de la vida individual de cada miembro de la familia. Hospedar a un estudiante de intercambio har\u00e1 que tu mundo crezca y cambien las perspectivas de vida en muchos aspectos.<\/p>\t\t\t\t\t\t\t\t<\/div>\n\t\t\t\t<\/div>\n\t\t\t\t\t<\/div>\n\t\t<\/div>\n\t\t\t\t\t<\/div>\n\t\t<\/section>\n\t\t\t\t<section class=\"elementor-section elementor-top-section elementor-element elementor-element-4e036f5 elementor-section-stretched elementor-section-boxed elementor-section-height-default elementor-section-height-default\" data-id=\"4e036f5\" data-element_type=\"section\" data-settings=\"{&quot;stretch_section&quot;:&quot;section-stretched&quot;,&quot;background_background&quot;:&quot;classic&quot;}\">\n\t\t\t\t\t\t<div class=\"elementor-container elementor-column-gap-default\">\n\t\t\t\t\t<div class=\"elementor-column elementor-col-50 elementor-top-column elementor-element elementor-element-6a61df9\" data-id=\"6a61df9\" data-element_type=\"column\">\n\t\t\t<div class=\"elementor-widget-wrap elementor-element-populated\">\n\t\t\t\t\t\t<div class=\"elementor-element elementor-element-bcc902c elementor-widget elementor-widget-spacer\" data-id=\"bcc902c\" data-element_type=\"widget\" data-widget_type=\"spacer.default\">\n\t\t\t\t<div class=\"elementor-widget-container\">\n\t\t\t\t\t\t\t<div class=\"elementor-spacer\">\n\t\t\t<div class=\"elementor-spacer-inner\"><\/div>\n\t\t<\/div>\n\t\t\t\t\t\t<\/div>\n\t\t\t\t<\/div>\n\t\t\t\t<div class=\"elementor-element elementor-element-d42ef03 elementor-invisible elementor-widget elementor-widget-text-editor\" data-id=\"d42ef03\" data-element_type=\"widget\" data-settings=\"{&quot;_animation&quot;:&quot;fadeInDown&quot;}\" data-widget_type=\"text-editor.default\">\n\t\t\t\t<div class=\"elementor-widget-container\">\n\t\t\t\t\t\t\t\t\t<p>Recibimos estudiantes de YFU tienen entre 15 y 18 a\u00f1os que participan del programa de colegio y, tambi\u00e9n a voluntarios que son j\u00f3venes de 18 a 26 a\u00f1os que apoyan proyectos de voluntariado en diferentes organizaciones de la sociedad civil. Nuestros participantes provienen de diversos pa\u00edses con los que YFU Paraguay realiza intercambios.<\/p><p>YFU es una organizaci\u00f3n sin fines de lucro, por lo que nuestras familias anfitrionas no son compensadas financieramente por recibir a nuestros participantes en su hogar y en caso de existir pagos asociados a matr\u00edcula y mensualidad escolar, estos ser\u00e1n costeados por YFU. En relaci\u00f3n a los gastos personales del estudiante (uniforme escolar, libros de texto, art\u00edculos de aseo, actividades de ocio, hobbies, etc.), estos ser\u00e1n cubiertos por el propio estudiante o sus padres naturales.<\/p>\t\t\t\t\t\t\t\t<\/div>\n\t\t\t\t<\/div>\n\t\t\t\t\t<\/div>\n\t\t<\/div>\n\t\t\t\t<div class=\"elementor-column elementor-col-50 elementor-top-column elementor-element elementor-element-3fed130\" data-id=\"3fed130\" data-element_type=\"column\">\n\t\t\t<div class=\"elementor-widget-wrap elementor-element-populated\">\n\t\t\t\t\t\t<div class=\"elementor-element elementor-element-a59a4ca elementor-widget elementor-widget-spacer\" data-id=\"a59a4ca\" data-element_type=\"widget\" data-widget_type=\"spacer.default\">\n\t\t\t\t<div class=\"elementor-widget-container\">\n\t\t\t\t\t\t\t<div class=\"elementor-spacer\">\n\t\t\t<div class=\"elementor-spacer-inner\"><\/div>\n\t\t<\/div>\n\t\t\t\t\t\t<\/div>\n\t\t\t\t<\/div>\n\t\t\t\t<div class=\"elementor-element elementor-element-9b5bb9d elementor-invisible elementor-widget elementor-widget-image\" data-id=\"9b5bb9d\" data-element_type=\"widget\" data-settings=\"{&quot;_animation&quot;:&quot;fadeInRight&quot;}\" data-widget_type=\"image.default\">\n\t\t\t\t<div class=\"elementor-widget-container\">\n\t\t\t\t\t\t\t\t\t\t\t\t\t\t\t<img decoding=\"async\" width=\"1030\" height=\"687\" src=\"https:\/\/yfu.org.py\/site\/wp-content\/uploads\/2023\/03\/IMG_7053-1030x687.jpg\" class=\"attachment-large size-large wp-image-531\" alt=\"\" srcset=\"https:\/\/yfu.org.py\/site\/wp-content\/uploads\/2023\/03\/IMG_7053-1030x687.jpg 1030w, https:\/\/yfu.org.py\/site\/wp-content\/uploads\/2023\/03\/IMG_7053-300x200.jpg 300w, https:\/\/yfu.org.py\/site\/wp-content\/uploads\/2023\/03\/IMG_7053-768x512.jpg 768w, https:\/\/yfu.org.py\/site\/wp-content\/uploads\/2023\/03\/IMG_7053-1536x1024.jpg 1536w, https:\/\/yfu.org.py\/site\/wp-content\/uploads\/2023\/03\/IMG_7053-2048x1366.jpg 2048w\" sizes=\"(max-width: 1030px) 100vw, 1030px\" \/>\t\t\t\t\t\t\t\t\t\t\t\t\t\t\t<\/div>\n\t\t\t\t<\/div>\n\t\t\t\t\t<\/div>\n\t\t<\/div>\n\t\t\t\t\t<\/div>\n\t\t<\/section>\n\t\t\t\t<section class=\"elementor-section elementor-top-section elementor-element elementor-element-53b0808 elementor-section-boxed elementor-section-height-default elementor-section-height-default\" data-id=\"53b0808\" data-element_type=\"section\">\n\t\t\t\t\t\t<div class=\"elementor-container elementor-column-gap-default\">\n\t\t\t\t\t<div class=\"elementor-column elementor-col-100 elementor-top-column elementor-element elementor-element-a37e896\" data-id=\"a37e896\" data-element_type=\"column\">\n\t\t\t<div class=\"elementor-widget-wrap elementor-element-populated\">\n\t\t\t\t\t\t<div class=\"elementor-element elementor-element-380e65c elementor-invisible elementor-widget elementor-widget-text-editor\" data-id=\"380e65c\" data-element_type=\"widget\" data-settings=\"{&quot;_animation&quot;:&quot;fadeInUp&quot;}\" data-widget_type=\"text-editor.default\">\n\t\t\t\t<div class=\"elementor-widget-container\">\n\t\t\t\t\t\t\t\t\t<p>A lo largo de la experiencia como familia anfitriona, nuestro staff y voluntarios estar\u00e1n con ustedes en cada paso del camino: les ayudar\u00e1n a preparar la llegada de su estudiante y les apoyar\u00e1n de forma continuada en todos los aspectos de su experiencia.<\/p>\t\t\t\t\t\t\t\t<\/div>\n\t\t\t\t<\/div>\n\t\t\t\t\t<\/div>\n\t\t<\/div>\n\t\t\t\t\t<\/div>\n\t\t<\/section>\n\t\t\t\t<section class=\"elementor-section elementor-top-section elementor-element elementor-element-607a315 elementor-section-boxed elementor-section-height-default elementor-section-height-default\" data-id=\"607a315\" data-element_type=\"section\">\n\t\t\t\t\t\t<div class=\"elementor-container elementor-column-gap-default\">\n\t\t\t\t\t<div class=\"elementor-column elementor-col-100 elementor-top-column elementor-element elementor-element-4ae0a99\" data-id=\"4ae0a99\" data-element_type=\"column\">\n\t\t\t<div class=\"elementor-widget-wrap elementor-element-populated\">\n\t\t\t\t\t\t<div class=\"elementor-element elementor-element-befde0c elementor-widget elementor-widget-text-editor\" data-id=\"befde0c\" data-element_type=\"widget\" data-widget_type=\"text-editor.default\">\n\t\t\t\t<div class=\"elementor-widget-container\">\n\t\t\t\t\t\t\t\t\t<p style=\"text-align: center;\"><span style=\"font-size: 24pt; color: #f59100;\"><strong>\u00bfC\u00f3mo podemos ser familia anfitriona?\u00a0<\/strong><\/span><\/p>\t\t\t\t\t\t\t\t<\/div>\n\t\t\t\t<\/div>\n\t\t\t\t\t<\/div>\n\t\t<\/div>\n\t\t\t\t\t<\/div>\n\t\t<\/section>\n\t\t\t\t<section class=\"elementor-section elementor-top-section elementor-element elementor-element-c456c04 elementor-section-boxed elementor-section-height-default elementor-section-height-default\" data-id=\"c456c04\" data-element_type=\"section\">\n\t\t\t\t\t\t<div class=\"elementor-container elementor-column-gap-default\">\n\t\t\t\t\t<div class=\"elementor-column elementor-col-100 elementor-top-column elementor-element elementor-element-57f0463\" data-id=\"57f0463\" data-element_type=\"column\">\n\t\t\t<div class=\"elementor-widget-wrap elementor-element-populated\">\n\t\t\t\t\t\t<div class=\"elementor-element elementor-element-1bf6217 elementor-widget elementor-widget-image\" data-id=\"1bf6217\" data-element_type=\"widget\" data-widget_type=\"image.default\">\n\t\t\t\t<div class=\"elementor-widget-container\">\n\t\t\t\t\t\t\t\t\t\t\t\t\t\t\t<img loading=\"lazy\" decoding=\"async\" width=\"1030\" height=\"312\" src=\"https:\/\/yfu.org.py\/site\/wp-content\/uploads\/2026\/02\/Screenshot-2026-02-27-at-14.20.13-1030x312.png\" class=\"attachment-large size-large wp-image-884\" alt=\"\" srcset=\"https:\/\/yfu.org.py\/site\/wp-content\/uploads\/2026\/02\/Screenshot-2026-02-27-at-14.20.13-1030x312.png 1030w, https:\/\/yfu.org.py\/site\/wp-content\/uploads\/2026\/02\/Screenshot-2026-02-27-at-14.20.13-300x91.png 300w, https:\/\/yfu.org.py\/site\/wp-content\/uploads\/2026\/02\/Screenshot-2026-02-27-at-14.20.13-768x232.png 768w, https:\/\/yfu.org.py\/site\/wp-content\/uploads\/2026\/02\/Screenshot-2026-02-27-at-14.20.13-1536x465.png 1536w, https:\/\/yfu.org.py\/site\/wp-content\/uploads\/2026\/02\/Screenshot-2026-02-27-at-14.20.13.png 1904w\" sizes=\"(max-width: 1030px) 100vw, 1030px\" \/>\t\t\t\t\t\t\t\t\t\t\t\t\t\t\t<\/div>\n\t\t\t\t<\/div>\n\t\t\t\t\t<\/div>\n\t\t<\/div>\n\t\t\t\t\t<\/div>\n\t\t<\/section>\n\t\t\t\t<section class=\"elementor-section elementor-top-section elementor-element elementor-element-e306548 elementor-section-boxed elementor-section-height-default elementor-section-height-default\" data-id=\"e306548\" data-element_type=\"section\">\n\t\t\t\t\t\t<div class=\"elementor-container elementor-column-gap-default\">\n\t\t\t\t\t<div class=\"elementor-column elementor-col-100 elementor-top-column elementor-element elementor-element-a835566\" data-id=\"a835566\" data-element_type=\"column\">\n\t\t\t<div class=\"elementor-widget-wrap elementor-element-populated\">\n\t\t\t\t\t\t<div class=\"elementor-element elementor-element-dd1ec7c elementor-widget-divider--view-line elementor-widget elementor-widget-divider\" data-id=\"dd1ec7c\" data-element_type=\"widget\" data-widget_type=\"divider.default\">\n\t\t\t\t<div class=\"elementor-widget-container\">\n\t\t\t\t\t\t\t<div class=\"elementor-divider\">\n\t\t\t<span class=\"elementor-divider-separator\">\n\t\t\t\t\t\t<\/span>\n\t\t<\/div>\n\t\t\t\t\t\t<\/div>\n\t\t\t\t<\/div>\n\t\t\t\t\t<\/div>\n\t\t<\/div>\n\t\t\t\t\t<\/div>\n\t\t<\/section>\n\t\t\t\t<\/div>\n\t\t","protected":false},"excerpt":{"rendered":"<p>La experiencia desde casa, siendo familia anfitriona Convertirse en familia anfitriona es una oportunidad para toda la familia de vivir otra cultura desde casa, invitando a un joven de otro pa\u00eds, para compartir tu cultura y, al mismo tiempo, aprender sobre su cultura. Ser familia anfitriona es una oportunidad de compartir historia, tradiciones y costumbres,&#8230;<\/p>\n","protected":false},"author":2,"featured_media":0,"parent":0,"menu_order":0,"comment_status":"closed","ping_status":"closed","template":"","meta":{"_eb_attr":"","_kad_post_transparent":"","_kad_post_title":"","_kad_post_layout":"","_kad_post_sidebar_id":"","_kad_post_content_style":"","_kad_post_vertical_padding":"","_kad_post_feature":"","_kad_post_feature_position":"","_kad_post_header":false,"_kad_post_footer":false,"footnotes":""},"class_list":["post-475","page","type-page","status-publish","hentry"],"_links":{"self":[{"href":"https:\/\/yfu.org.py\/site\/wp-json\/wp\/v2\/pages\/475","targetHints":{"allow":["GET"]}}],"collection":[{"href":"https:\/\/yfu.org.py\/site\/wp-json\/wp\/v2\/pages"}],"about":[{"href":"https:\/\/yfu.org.py\/site\/wp-json\/wp\/v2\/types\/page"}],"author":[{"embeddable":true,"href":"https:\/\/yfu.org.py\/site\/wp-json\/wp\/v2\/users\/2"}],"replies":[{"embeddable":true,"href":"https:\/\/yfu.org.py\/site\/wp-json\/wp\/v2\/comments?post=475"}],"version-history":[{"count":41,"href":"https:\/\/yfu.org.py\/site\/wp-json\/wp\/v2\/pages\/475\/revisions"}],"predecessor-version":[{"id":1096,"href":"https:\/\/yfu.org.py\/site\/wp-json\/wp\/v2\/pages\/475\/revisions\/1096"}],"wp:attachment":[{"href":"https:\/\/yfu.org.py\/site\/wp-json\/wp\/v2\/media?parent=475"}],"curies":[{"name":"wp","href":"https:\/\/api.w.org\/{rel}","templated":true}]}}