{"id":442,"date":"2023-03-08T15:33:27","date_gmt":"2023-03-08T18:33:27","guid":{"rendered":"https:\/\/yfu.org.py\/site\/?page_id=442"},"modified":"2026-03-03T15:55:23","modified_gmt":"2026-03-03T18:55:23","slug":"contacto","status":"publish","type":"page","link":"https:\/\/yfu.org.py\/site\/contacto\/","title":{"rendered":"Contacto"},"content":{"rendered":"\t\t<div data-elementor-type=\"wp-post\" data-elementor-id=\"442\" class=\"elementor elementor-442\" data-elementor-post-type=\"page\">\n\t\t\t\t\t\t<section class=\"elementor-section elementor-top-section elementor-element elementor-element-0e86e88 elementor-section-full_width elementor-section-height-min-height elementor-section-stretched elementor-section-height-default elementor-section-items-middle elementor-invisible\" data-id=\"0e86e88\" data-element_type=\"section\" data-settings=\"{&quot;stretch_section&quot;:&quot;section-stretched&quot;,&quot;background_background&quot;:&quot;slideshow&quot;,&quot;background_slideshow_gallery&quot;:[{&quot;id&quot;:290,&quot;url&quot;:&quot;https:\\\/\\\/yfu.org.py\\\/site\\\/wp-content\\\/uploads\\\/2018\\\/05\\\/IMG_0459.jpg&quot;},{&quot;id&quot;:289,&quot;url&quot;:&quot;https:\\\/\\\/yfu.org.py\\\/site\\\/wp-content\\\/uploads\\\/2018\\\/05\\\/3104_Hungary_2018_Stud_PostArrivalOrientationSession.jpg&quot;},{&quot;id&quot;:288,&quot;url&quot;:&quot;https:\\\/\\\/yfu.org.py\\\/site\\\/wp-content\\\/uploads\\\/2018\\\/05\\\/3069_France_2018_Stud_HF_GroupPortrait.jpg&quot;},{&quot;id&quot;:287,&quot;url&quot;:&quot;https:\\\/\\\/yfu.org.py\\\/site\\\/wp-content\\\/uploads\\\/2018\\\/05\\\/3068_France_2018_Stud_GirlsFun.jpg&quot;},{&quot;id&quot;:285,&quot;url&quot;:&quot;https:\\\/\\\/yfu.org.py\\\/site\\\/wp-content\\\/uploads\\\/2018\\\/05\\\/2778_Denmark_2017_Stud_CountryFlagsFun.jpg&quot;},{&quot;id&quot;:286,&quot;url&quot;:&quot;https:\\\/\\\/yfu.org.py\\\/site\\\/wp-content\\\/uploads\\\/2018\\\/05\\\/3039_BelgiumFlanders_2013_Stud_FollowUp.jpg&quot;}],&quot;background_slideshow_slide_duration&quot;:6000,&quot;background_slideshow_ken_burns&quot;:&quot;yes&quot;,&quot;animation&quot;:&quot;fadeIn&quot;,&quot;background_slideshow_loop&quot;:&quot;yes&quot;,&quot;background_slideshow_slide_transition&quot;:&quot;fade&quot;,&quot;background_slideshow_transition_duration&quot;:500,&quot;background_slideshow_ken_burns_zoom_direction&quot;:&quot;in&quot;}\">\n\t\t\t\t\t\t\t<div class=\"elementor-background-overlay\"><\/div>\n\t\t\t\t\t\t\t<div class=\"elementor-container elementor-column-gap-default\">\n\t\t\t\t\t<div class=\"elementor-column elementor-col-100 elementor-top-column elementor-element elementor-element-402686a\" data-id=\"402686a\" data-element_type=\"column\">\n\t\t\t<div class=\"elementor-widget-wrap elementor-element-populated\">\n\t\t\t\t\t\t<div class=\"elementor-element elementor-element-27120ad elementor-invisible elementor-widget elementor-widget-text-editor\" data-id=\"27120ad\" data-element_type=\"widget\" data-settings=\"{&quot;_animation&quot;:&quot;fadeInDown&quot;}\" data-widget_type=\"text-editor.default\">\n\t\t\t\t<div class=\"elementor-widget-container\">\n\t\t\t\t\t\t\t\t\t<p><strong>Cont\u00e1ctanos<\/strong><\/p>\t\t\t\t\t\t\t\t<\/div>\n\t\t\t\t<\/div>\n\t\t\t\t\t<\/div>\n\t\t<\/div>\n\t\t\t\t\t<\/div>\n\t\t<\/section>\n\t\t\t\t<section class=\"elementor-section elementor-top-section elementor-element elementor-element-0ef1f5a elementor-section-boxed elementor-section-height-default elementor-section-height-default\" data-id=\"0ef1f5a\" data-element_type=\"section\">\n\t\t\t\t\t\t<div class=\"elementor-container elementor-column-gap-default\">\n\t\t\t\t\t<div class=\"elementor-column elementor-col-100 elementor-top-column elementor-element elementor-element-fd6ea3d\" data-id=\"fd6ea3d\" data-element_type=\"column\">\n\t\t\t<div class=\"elementor-widget-wrap elementor-element-populated\">\n\t\t\t\t\t\t<div class=\"elementor-element elementor-element-6a89993 elementor-invisible elementor-widget elementor-widget-image\" data-id=\"6a89993\" data-element_type=\"widget\" data-settings=\"{&quot;_animation&quot;:&quot;zoomIn&quot;}\" data-widget_type=\"image.default\">\n\t\t\t\t<div class=\"elementor-widget-container\">\n\t\t\t\t\t\t\t\t\t\t\t\t\t\t\t<img decoding=\"async\" width=\"220\" height=\"220\" src=\"https:\/\/yfu.org.py\/site\/wp-content\/uploads\/2023\/03\/YFU_Icons_Contact_cmyk-1-e1678450864269.png\" class=\"attachment-full size-full wp-image-610\" alt=\"\" srcset=\"https:\/\/yfu.org.py\/site\/wp-content\/uploads\/2023\/03\/YFU_Icons_Contact_cmyk-1-e1678450864269.png 220w, https:\/\/yfu.org.py\/site\/wp-content\/uploads\/2023\/03\/YFU_Icons_Contact_cmyk-1-e1678450864269-80x80.png 80w\" sizes=\"(max-width: 220px) 100vw, 220px\" \/>\t\t\t\t\t\t\t\t\t\t\t\t\t\t\t<\/div>\n\t\t\t\t<\/div>\n\t\t\t\t\t<\/div>\n\t\t<\/div>\n\t\t\t\t\t<\/div>\n\t\t<\/section>\n\t\t\t\t<section class=\"elementor-section elementor-top-section elementor-element elementor-element-3455447 elementor-section-boxed elementor-section-height-default elementor-section-height-default\" data-id=\"3455447\" data-element_type=\"section\">\n\t\t\t\t\t\t<div class=\"elementor-container elementor-column-gap-default\">\n\t\t\t\t\t<div class=\"elementor-column elementor-col-100 elementor-top-column elementor-element elementor-element-ef1fa1d\" data-id=\"ef1fa1d\" data-element_type=\"column\">\n\t\t\t<div class=\"elementor-widget-wrap elementor-element-populated\">\n\t\t\t\t\t\t<div class=\"elementor-element elementor-element-5d5bbe8 elementor-widget elementor-widget-spacer\" data-id=\"5d5bbe8\" data-element_type=\"widget\" data-widget_type=\"spacer.default\">\n\t\t\t\t<div class=\"elementor-widget-container\">\n\t\t\t\t\t\t\t<div class=\"elementor-spacer\">\n\t\t\t<div class=\"elementor-spacer-inner\"><\/div>\n\t\t<\/div>\n\t\t\t\t\t\t<\/div>\n\t\t\t\t<\/div>\n\t\t\t\t\t<\/div>\n\t\t<\/div>\n\t\t\t\t\t<\/div>\n\t\t<\/section>\n\t\t\t\t<section class=\"elementor-section elementor-top-section elementor-element elementor-element-35717ae elementor-section-boxed elementor-section-height-default elementor-section-height-default\" data-id=\"35717ae\" data-element_type=\"section\">\n\t\t\t\t\t\t<div class=\"elementor-container elementor-column-gap-default\">\n\t\t\t\t\t<div class=\"elementor-column elementor-col-50 elementor-top-column elementor-element elementor-element-7d154e5\" data-id=\"7d154e5\" data-element_type=\"column\">\n\t\t\t<div class=\"elementor-widget-wrap elementor-element-populated\">\n\t\t\t\t\t\t<section class=\"elementor-section elementor-inner-section elementor-element elementor-element-c430071 elementor-section-boxed elementor-section-height-default elementor-section-height-default\" data-id=\"c430071\" data-element_type=\"section\">\n\t\t\t\t\t\t<div class=\"elementor-container elementor-column-gap-default\">\n\t\t\t\t\t<div class=\"elementor-column elementor-col-100 elementor-inner-column elementor-element elementor-element-fdd5d88\" data-id=\"fdd5d88\" data-element_type=\"column\">\n\t\t\t<div class=\"elementor-widget-wrap elementor-element-populated\">\n\t\t\t\t\t\t<div class=\"elementor-element elementor-element-f689b59 elementor-widget-divider--view-line elementor-invisible elementor-widget elementor-widget-divider\" data-id=\"f689b59\" data-element_type=\"widget\" data-settings=\"{&quot;_animation&quot;:&quot;fadeInLeft&quot;}\" data-widget_type=\"divider.default\">\n\t\t\t\t<div class=\"elementor-widget-container\">\n\t\t\t\t\t\t\t<div class=\"elementor-divider\">\n\t\t\t<span class=\"elementor-divider-separator\">\n\t\t\t\t\t\t<\/span>\n\t\t<\/div>\n\t\t\t\t\t\t<\/div>\n\t\t\t\t<\/div>\n\t\t\t\t<div class=\"elementor-element elementor-element-572b84b elementor-invisible elementor-widget elementor-widget-text-editor\" data-id=\"572b84b\" data-element_type=\"widget\" data-settings=\"{&quot;_animation&quot;:&quot;fadeInDown&quot;}\" data-widget_type=\"text-editor.default\">\n\t\t\t\t<div class=\"elementor-widget-container\">\n\t\t\t\t\t\t\t\t\t<p><strong>Direcci\u00f3n: Caballero 1102 esq. Rep\u00fablica de Colombia, Asunci\u00f3n, Paraguay<\/strong><\/p><p><strong>Tel\u00e9fono: +595 982 305060 \/ +595 981 304580<\/strong><\/p><p><strong>Email: info@yfu.org.py<\/strong><\/p>\t\t\t\t\t\t\t\t<\/div>\n\t\t\t\t<\/div>\n\t\t\t\t<div class=\"elementor-element elementor-element-3dcc333 elementor-widget-divider--view-line elementor-invisible elementor-widget elementor-widget-divider\" data-id=\"3dcc333\" data-element_type=\"widget\" data-settings=\"{&quot;_animation&quot;:&quot;fadeInRight&quot;}\" data-widget_type=\"divider.default\">\n\t\t\t\t<div class=\"elementor-widget-container\">\n\t\t\t\t\t\t\t<div class=\"elementor-divider\">\n\t\t\t<span class=\"elementor-divider-separator\">\n\t\t\t\t\t\t<\/span>\n\t\t<\/div>\n\t\t\t\t\t\t<\/div>\n\t\t\t\t<\/div>\n\t\t\t\t<div class=\"elementor-element elementor-element-c423855 elementor-widget__width-initial elementor-invisible elementor-widget elementor-widget-google_maps\" data-id=\"c423855\" data-element_type=\"widget\" data-settings=\"{&quot;_animation&quot;:&quot;fadeInLeft&quot;}\" data-widget_type=\"google_maps.default\">\n\t\t\t\t<div class=\"elementor-widget-container\">\n\t\t\t\t\t\t\t<div class=\"elementor-custom-embed\">\n\t\t\t<iframe loading=\"lazy\"\n\t\t\t\t\tsrc=\"https:\/\/maps.google.com\/maps?q=YFU%20Paraguay&#038;t=m&#038;z=14&#038;output=embed&#038;iwloc=near\"\n\t\t\t\t\ttitle=\"YFU Paraguay\"\n\t\t\t\t\taria-label=\"YFU Paraguay\"\n\t\t\t><\/iframe>\n\t\t<\/div>\n\t\t\t\t\t\t<\/div>\n\t\t\t\t<\/div>\n\t\t\t\t<div class=\"elementor-element elementor-element-3744c79 elementor-widget elementor-widget-spacer\" data-id=\"3744c79\" data-element_type=\"widget\" data-widget_type=\"spacer.default\">\n\t\t\t\t<div class=\"elementor-widget-container\">\n\t\t\t\t\t\t\t<div class=\"elementor-spacer\">\n\t\t\t<div class=\"elementor-spacer-inner\"><\/div>\n\t\t<\/div>\n\t\t\t\t\t\t<\/div>\n\t\t\t\t<\/div>\n\t\t\t\t\t<\/div>\n\t\t<\/div>\n\t\t\t\t\t<\/div>\n\t\t<\/section>\n\t\t\t\t\t<\/div>\n\t\t<\/div>\n\t\t\t\t<div class=\"elementor-column elementor-col-50 elementor-top-column elementor-element elementor-element-a85b76b\" data-id=\"a85b76b\" data-element_type=\"column\">\n\t\t\t<div class=\"elementor-widget-wrap elementor-element-populated\">\n\t\t\t\t\t\t<div class=\"elementor-element elementor-element-0f274f1 elementor-widget elementor-widget-spacer\" data-id=\"0f274f1\" data-element_type=\"widget\" data-widget_type=\"spacer.default\">\n\t\t\t\t<div class=\"elementor-widget-container\">\n\t\t\t\t\t\t\t<div class=\"elementor-spacer\">\n\t\t\t<div class=\"elementor-spacer-inner\"><\/div>\n\t\t<\/div>\n\t\t\t\t\t\t<\/div>\n\t\t\t\t<\/div>\n\t\t\t\t<div class=\"elementor-element elementor-element-707f3474 elementor-widget__width-initial elementor-button-align-start elementor-invisible elementor-widget elementor-widget-form\" data-id=\"707f3474\" data-element_type=\"widget\" data-settings=\"{&quot;step_next_label&quot;:&quot;Siguiente&quot;,&quot;step_previous_label&quot;:&quot;Anterior&quot;,&quot;_animation&quot;:&quot;fadeInRight&quot;,&quot;button_width&quot;:&quot;100&quot;,&quot;step_type&quot;:&quot;number_text&quot;,&quot;step_icon_shape&quot;:&quot;circle&quot;}\" data-widget_type=\"form.default\">\n\t\t\t\t<div class=\"elementor-widget-container\">\n\t\t\t\t\t\t\t<form class=\"elementor-form\" method=\"post\" name=\"Nuevo formulario\">\n\t\t\t<input type=\"hidden\" name=\"post_id\" value=\"442\"\/>\n\t\t\t<input type=\"hidden\" name=\"form_id\" value=\"707f3474\"\/>\n\t\t\t<input type=\"hidden\" name=\"referer_title\" value=\"\" \/>\n\n\t\t\t\n\t\t\t<div class=\"elementor-form-fields-wrapper elementor-labels-\">\n\t\t\t\t\t\t\t\t<div class=\"elementor-field-type-text elementor-field-group elementor-column elementor-field-group-name elementor-col-100 elementor-field-required\">\n\t\t\t\t\t\t\t\t\t\t\t\t<label for=\"form-field-name\" class=\"elementor-field-label elementor-screen-only\">\n\t\t\t\t\t\t\t\tNombre\t\t\t\t\t\t\t<\/label>\n\t\t\t\t\t\t\t\t\t\t\t\t\t\t<input size=\"1\" type=\"text\" name=\"form_fields[name]\" id=\"form-field-name\" class=\"elementor-field elementor-size-sm  elementor-field-textual\" placeholder=\"Nombre y apellido\" required=\"required\" aria-required=\"true\">\n\t\t\t\t\t\t\t\t\t\t\t<\/div>\n\t\t\t\t\t\t\t\t<div class=\"elementor-field-type-text elementor-field-group elementor-column elementor-field-group-edad elementor-col-100 elementor-field-required\">\n\t\t\t\t\t\t\t\t\t\t\t\t<label for=\"form-field-edad\" class=\"elementor-field-label elementor-screen-only\">\n\t\t\t\t\t\t\t\tEdad\t\t\t\t\t\t\t<\/label>\n\t\t\t\t\t\t\t\t\t\t\t\t\t\t<input size=\"1\" type=\"text\" name=\"form_fields[edad]\" id=\"form-field-edad\" class=\"elementor-field elementor-size-sm  elementor-field-textual\" placeholder=\"Edad\" required=\"required\" aria-required=\"true\">\n\t\t\t\t\t\t\t\t\t\t\t<\/div>\n\t\t\t\t\t\t\t\t<div class=\"elementor-field-type-text elementor-field-group elementor-column elementor-field-group-colegiouniversidad elementor-col-100 elementor-field-required\">\n\t\t\t\t\t\t\t\t\t\t\t\t<label for=\"form-field-colegiouniversidad\" class=\"elementor-field-label elementor-screen-only\">\n\t\t\t\t\t\t\t\tColegio\/Universidad\t\t\t\t\t\t\t<\/label>\n\t\t\t\t\t\t\t\t\t\t\t\t\t\t<input size=\"1\" type=\"text\" name=\"form_fields[colegiouniversidad]\" id=\"form-field-colegiouniversidad\" class=\"elementor-field elementor-size-sm  elementor-field-textual\" placeholder=\"Colegio\/Universidad\" required=\"required\" aria-required=\"true\">\n\t\t\t\t\t\t\t\t\t\t\t<\/div>\n\t\t\t\t\t\t\t\t<div class=\"elementor-field-type-text elementor-field-group elementor-column elementor-field-group-ciudadpais elementor-col-100 elementor-field-required\">\n\t\t\t\t\t\t\t\t\t\t\t\t<label for=\"form-field-ciudadpais\" class=\"elementor-field-label elementor-screen-only\">\n\t\t\t\t\t\t\t\tCiudad\/Pa\u00eds\t\t\t\t\t\t\t<\/label>\n\t\t\t\t\t\t\t\t\t\t\t\t\t\t<input size=\"1\" type=\"text\" name=\"form_fields[ciudadpais]\" id=\"form-field-ciudadpais\" class=\"elementor-field elementor-size-sm  elementor-field-textual\" placeholder=\"Ciudad\/Pa\u00eds\" required=\"required\" aria-required=\"true\">\n\t\t\t\t\t\t\t\t\t\t\t<\/div>\n\t\t\t\t\t\t\t\t<div class=\"elementor-field-type-number elementor-field-group elementor-column elementor-field-group-celular elementor-col-100 elementor-field-required\">\n\t\t\t\t\t\t\t\t\t\t\t\t<label for=\"form-field-celular\" class=\"elementor-field-label elementor-screen-only\">\n\t\t\t\t\t\t\t\tCelular\t\t\t\t\t\t\t<\/label>\n\t\t\t\t\t\t\t\t\t<input type=\"number\" name=\"form_fields[celular]\" id=\"form-field-celular\" class=\"elementor-field elementor-size-sm  elementor-field-textual\" placeholder=\"Celular\" required=\"required\" aria-required=\"true\" min=\"\" max=\"\" >\n\t\t\t\t\t\t<\/div>\n\t\t\t\t\t\t\t\t<div class=\"elementor-field-type-select elementor-field-group elementor-column elementor-field-group-Programa elementor-col-100 elementor-field-required\">\n\t\t\t\t\t\t\t\t\t\t\t\t<label for=\"form-field-Programa\" class=\"elementor-field-label elementor-screen-only\">\n\t\t\t\t\t\t\t\tPrograma\t\t\t\t\t\t\t<\/label>\n\t\t\t\t\t\t\t\t<div class=\"elementor-field elementor-select-wrapper remove-before \">\n\t\t\t<div class=\"select-caret-down-wrapper\">\n\t\t\t\t<i aria-hidden=\"true\" class=\"eicon-caret-down\"><\/i>\t\t\t<\/div>\n\t\t\t<select name=\"form_fields[Programa]\" id=\"form-field-Programa\" class=\"elementor-field-textual elementor-size-sm\" required=\"required\" aria-required=\"true\">\n\t\t\t\t\t\t\t\t\t<option value=\"Programa\">Programa<\/option>\n\t\t\t\t\t\t\t\t\t<option value=\"Programa de Colegio\">Programa de Colegio<\/option>\n\t\t\t\t\t\t\t\t\t<option value=\"Ser Voluntario\">Ser Voluntario<\/option>\n\t\t\t\t\t\t\t\t\t<option value=\"Ser Familia Anfitriona\">Ser Familia Anfitriona<\/option>\n\t\t\t\t\t\t\t\t\t<option value=\"Servicio Comunitario\">Servicio Comunitario<\/option>\n\t\t\t\t\t\t\t\t\t<option value=\"Community College\">Community College<\/option>\n\t\t\t\t\t\t\t<\/select>\n\t\t<\/div>\n\t\t\t\t\t\t<\/div>\n\t\t\t\t\t\t\t\t<div class=\"elementor-field-type-select elementor-field-group elementor-column elementor-field-group-paisdeinteres elementor-col-100 elementor-field-required\">\n\t\t\t\t\t\t\t\t\t\t\t\t<label for=\"form-field-paisdeinteres\" class=\"elementor-field-label elementor-screen-only\">\n\t\t\t\t\t\t\t\tPa\u00eds de Inter\u00e9s\t\t\t\t\t\t\t<\/label>\n\t\t\t\t\t\t\t\t<div class=\"elementor-field elementor-select-wrapper remove-before \">\n\t\t\t<div class=\"select-caret-down-wrapper\">\n\t\t\t\t<i aria-hidden=\"true\" class=\"eicon-caret-down\"><\/i>\t\t\t<\/div>\n\t\t\t<select name=\"form_fields[paisdeinteres]\" id=\"form-field-paisdeinteres\" class=\"elementor-field-textual elementor-size-sm\" required=\"required\" aria-required=\"true\">\n\t\t\t\t\t\t\t\t\t<option value=\"Pa\u00eds de Inter\u00e9s\">Pa\u00eds de Inter\u00e9s<\/option>\n\t\t\t\t\t\t\t\t\t<option value=\"Argentina\">Argentina<\/option>\n\t\t\t\t\t\t\t\t\t<option value=\"Australia\">Australia<\/option>\n\t\t\t\t\t\t\t\t\t<option value=\"Austria\">Austria<\/option>\n\t\t\t\t\t\t\t\t\t<option value=\"Azerbaijan\">Azerbaijan<\/option>\n\t\t\t\t\t\t\t\t\t<option value=\"Belarus\">Belarus<\/option>\n\t\t\t\t\t\t\t\t\t<option value=\"Belgium-Flanders\">Belgium-Flanders<\/option>\n\t\t\t\t\t\t\t\t\t<option value=\"Belgium-Wallonia\">Belgium-Wallonia<\/option>\n\t\t\t\t\t\t\t\t\t<option value=\"Brazil\">Brazil<\/option>\n\t\t\t\t\t\t\t\t\t<option value=\"Bulgaria\">Bulgaria<\/option>\n\t\t\t\t\t\t\t\t\t<option value=\"Canad\u00e1\">Canad\u00e1<\/option>\n\t\t\t\t\t\t\t\t\t<option value=\"Chile\">Chile<\/option>\n\t\t\t\t\t\t\t\t\t<option value=\"China\">China<\/option>\n\t\t\t\t\t\t\t\t\t<option value=\"Colombia\">Colombia<\/option>\n\t\t\t\t\t\t\t\t\t<option value=\"Czech Republic\">Czech Republic<\/option>\n\t\t\t\t\t\t\t\t\t<option value=\"Denmark\">Denmark<\/option>\n\t\t\t\t\t\t\t\t\t<option value=\"Ecuador\">Ecuador<\/option>\n\t\t\t\t\t\t\t\t\t<option value=\"Estonia\">Estonia<\/option>\n\t\t\t\t\t\t\t\t\t<option value=\"Finland\">Finland<\/option>\n\t\t\t\t\t\t\t\t\t<option value=\"France\">France<\/option>\n\t\t\t\t\t\t\t\t\t<option value=\"Georgia\">Georgia<\/option>\n\t\t\t\t\t\t\t\t\t<option value=\"Germany\">Germany<\/option>\n\t\t\t\t\t\t\t\t\t<option value=\"Ghana\">Ghana<\/option>\n\t\t\t\t\t\t\t\t\t<option value=\"Greece\">Greece<\/option>\n\t\t\t\t\t\t\t\t\t<option value=\"Hungary\">Hungary<\/option>\n\t\t\t\t\t\t\t\t\t<option value=\"India\">India<\/option>\n\t\t\t\t\t\t\t\t\t<option value=\"Indonesia\">Indonesia<\/option>\n\t\t\t\t\t\t\t\t\t<option value=\"Italy\">Italy<\/option>\n\t\t\t\t\t\t\t\t\t<option value=\"Japan\">Japan<\/option>\n\t\t\t\t\t\t\t\t\t<option value=\"Kazakhstan\">Kazakhstan<\/option>\n\t\t\t\t\t\t\t\t\t<option value=\"Latvia\">Latvia<\/option>\n\t\t\t\t\t\t\t\t\t<option value=\"Liberia\">Liberia<\/option>\n\t\t\t\t\t\t\t\t\t<option value=\"Lithuania\">Lithuania<\/option>\n\t\t\t\t\t\t\t\t\t<option value=\"Mexico\">Mexico<\/option>\n\t\t\t\t\t\t\t\t\t<option value=\"Moldova\">Moldova<\/option>\n\t\t\t\t\t\t\t\t\t<option value=\"Mongolia\">Mongolia<\/option>\n\t\t\t\t\t\t\t\t\t<option value=\"Netherlands\">Netherlands<\/option>\n\t\t\t\t\t\t\t\t\t<option value=\"New Zealand\">New Zealand<\/option>\n\t\t\t\t\t\t\t\t\t<option value=\"Norway\">Norway<\/option>\n\t\t\t\t\t\t\t\t\t<option value=\"Paraguay\">Paraguay<\/option>\n\t\t\t\t\t\t\t\t\t<option value=\"Philippines\">Philippines<\/option>\n\t\t\t\t\t\t\t\t\t<option value=\"Poland\">Poland<\/option>\n\t\t\t\t\t\t\t\t\t<option value=\"Romania\">Romania<\/option>\n\t\t\t\t\t\t\t\t\t<option value=\"Reino Unido\">Reino Unido<\/option>\n\t\t\t\t\t\t\t\t\t<option value=\"Serbia\">Serbia<\/option>\n\t\t\t\t\t\t\t\t\t<option value=\"Slovakia\">Slovakia<\/option>\n\t\t\t\t\t\t\t\t\t<option value=\"South Africa\">South Africa<\/option>\n\t\t\t\t\t\t\t\t\t<option value=\"South Korea\">South Korea<\/option>\n\t\t\t\t\t\t\t\t\t<option value=\"Spain\">Spain<\/option>\n\t\t\t\t\t\t\t\t\t<option value=\"Sweden\">Sweden<\/option>\n\t\t\t\t\t\t\t\t\t<option value=\"Switzerland\">Switzerland<\/option>\n\t\t\t\t\t\t\t\t\t<option value=\"Thailand\">Thailand<\/option>\n\t\t\t\t\t\t\t\t\t<option value=\"Turkey\">Turkey<\/option>\n\t\t\t\t\t\t\t\t\t<option value=\"Uruguay\">Uruguay<\/option>\n\t\t\t\t\t\t\t\t\t<option value=\"USA\">USA<\/option>\n\t\t\t\t\t\t\t\t\t<option value=\"Venezuela\">Venezuela<\/option>\n\t\t\t\t\t\t\t\t\t<option value=\"Vietnam\">Vietnam<\/option>\n\t\t\t\t\t\t\t<\/select>\n\t\t<\/div>\n\t\t\t\t\t\t<\/div>\n\t\t\t\t\t\t\t\t<div class=\"elementor-field-type-email elementor-field-group elementor-column elementor-field-group-email elementor-col-100 elementor-field-required\">\n\t\t\t\t\t\t\t\t\t\t\t\t<label for=\"form-field-email\" class=\"elementor-field-label elementor-screen-only\">\n\t\t\t\t\t\t\t\tCorreo electr\u00f3nico\t\t\t\t\t\t\t<\/label>\n\t\t\t\t\t\t\t\t\t\t\t\t\t\t<input size=\"1\" type=\"email\" name=\"form_fields[email]\" id=\"form-field-email\" class=\"elementor-field elementor-size-sm  elementor-field-textual\" placeholder=\"Correo electr\u00f3nico\" required=\"required\" aria-required=\"true\">\n\t\t\t\t\t\t\t\t\t\t\t<\/div>\n\t\t\t\t\t\t\t\t<div class=\"elementor-field-type-textarea elementor-field-group elementor-column elementor-field-group-message elementor-col-100\">\n\t\t\t\t\t\t\t\t\t\t\t\t<label for=\"form-field-message\" class=\"elementor-field-label elementor-screen-only\">\n\t\t\t\t\t\t\t\tMensaje\t\t\t\t\t\t\t<\/label>\n\t\t\t\t\t\t<textarea class=\"elementor-field-textual elementor-field  elementor-size-sm\" name=\"form_fields[message]\" id=\"form-field-message\" rows=\"4\" placeholder=\"Mensaje\"><\/textarea>\t\t\t\t<\/div>\n\t\t\t\t\t\t\t\t<div class=\"elementor-field-type-acceptance elementor-field-group elementor-column elementor-field-group-Aceptacion elementor-col-100 elementor-field-required\">\n\t\t\t\t\t\t\t\t\t\t\t\t<label for=\"form-field-Aceptacion\" class=\"elementor-field-label elementor-screen-only\">\n\t\t\t\t\t\t\t\tAceptacion\t\t\t\t\t\t\t<\/label>\n\t\t\t\t\t\t\t\t<div class=\"elementor-field-subgroup\">\n\t\t\t<span class=\"elementor-field-option\">\n\t\t\t\t<input type=\"checkbox\" name=\"form_fields[Aceptacion]\" id=\"form-field-Aceptacion\" class=\"elementor-field elementor-size-sm  elementor-acceptance-field\" required=\"required\" aria-required=\"true\" checked=\"checked\">\n\t\t\t\t<label for=\"form-field-Aceptacion\">*Al completar el formulario acepto que YFU Paraguay guarde mis datos para enviar informaci\u00f3n sobre sus programas.<\/label>\t\t\t<\/span>\n\t\t<\/div>\n\t\t\t\t\t\t<\/div>\n\t\t\t\t\t\t\t\t<div class=\"elementor-field-group elementor-column elementor-field-type-submit elementor-col-100 e-form__buttons\">\n\t\t\t\t\t<button class=\"elementor-button elementor-size-sm\" type=\"submit\">\n\t\t\t\t\t\t<span class=\"elementor-button-content-wrapper\">\n\t\t\t\t\t\t\t\t\t\t\t\t\t\t\t\t\t\t\t\t\t\t<span class=\"elementor-button-text\">Enviar<\/span>\n\t\t\t\t\t\t\t\t\t\t\t\t\t<\/span>\n\t\t\t\t\t<\/button>\n\t\t\t\t<\/div>\n\t\t\t<\/div>\n\t\t<\/form>\n\t\t\t\t\t\t<\/div>\n\t\t\t\t<\/div>\n\t\t\t\t\t<\/div>\n\t\t<\/div>\n\t\t\t\t\t<\/div>\n\t\t<\/section>\n\t\t\t\t<\/div>\n\t\t","protected":false},"excerpt":{"rendered":"<p>Cont\u00e1ctanos Direcci\u00f3n: Caballero 1102 esq. Rep\u00fablica de Colombia, Asunci\u00f3n, Paraguay Tel\u00e9fono: +595 982 305060 \/ +595 981 304580 Email: info@yfu.org.py<\/p>\n","protected":false},"author":2,"featured_media":0,"parent":0,"menu_order":0,"comment_status":"closed","ping_status":"closed","template":"","meta":{"_eb_attr":"","_kad_post_transparent":"","_kad_post_title":"","_kad_post_layout":"","_kad_post_sidebar_id":"","_kad_post_content_style":"","_kad_post_vertical_padding":"","_kad_post_feature":"","_kad_post_feature_position":"","_kad_post_header":false,"_kad_post_footer":false,"footnotes":""},"class_list":["post-442","page","type-page","status-publish","hentry"],"_links":{"self":[{"href":"https:\/\/yfu.org.py\/site\/wp-json\/wp\/v2\/pages\/442","targetHints":{"allow":["GET"]}}],"collection":[{"href":"https:\/\/yfu.org.py\/site\/wp-json\/wp\/v2\/pages"}],"about":[{"href":"https:\/\/yfu.org.py\/site\/wp-json\/wp\/v2\/types\/page"}],"author":[{"embeddable":true,"href":"https:\/\/yfu.org.py\/site\/wp-json\/wp\/v2\/users\/2"}],"replies":[{"embeddable":true,"href":"https:\/\/yfu.org.py\/site\/wp-json\/wp\/v2\/comments?post=442"}],"version-history":[{"count":46,"href":"https:\/\/yfu.org.py\/site\/wp-json\/wp\/v2\/pages\/442\/revisions"}],"predecessor-version":[{"id":1060,"href":"https:\/\/yfu.org.py\/site\/wp-json\/wp\/v2\/pages\/442\/revisions\/1060"}],"wp:attachment":[{"href":"https:\/\/yfu.org.py\/site\/wp-json\/wp\/v2\/media?parent=442"}],"curies":[{"name":"wp","href":"https:\/\/api.w.org\/{rel}","templated":true}]}}